{"id":5912,"date":"2017-04-03T09:18:08","date_gmt":"2017-04-03T09:18:08","guid":{"rendered":"https:\/\/neu.tropica-verde.de\/proteccion-de-la-naturaleza\/educacion-ambiental\/in-costa-rica\/"},"modified":"2024-04-25T20:32:07","modified_gmt":"2024-04-25T18:32:07","slug":"en-costa-rica","status":"publish","type":"page","link":"https:\/\/tropica-verde.de\/es\/en-costa-rica\/","title":{"rendered":"En Costa Rica"},"content":{"rendered":"<p>[et_pb_section fb_built=\u00bb1&#8243; admin_label=\u00bbsection\u00bb _builder_version=\u00bb4.16&#8243; global_colors_info=\u00bb{}\u00bb][et_pb_row column_structure=\u00bb2_3,1_3&#8243; admin_label=\u00bbfila\u00bb _builder_version=\u00bb4.16&#8243; background_size=\u00bbinitial\u00bb background_position=\u00bbtop_left\u00bb background_repeat=\u00bbrepeat\u00bb global_colors_info=\u00bb{}\u00bb][et_pb_column type=\u00bb2_3&#8243; _builder_version=\u00bb4.16&#8243; custom_padding=\u00bb|||\u00bb global_colors_info=\u00bb{}\u00bb custom_padding__hover=\u00bb|||\u00bb][et_pb_text _builder_version=\u00bb4.16&#8243; text_text_color=\u00bb#00512c\u00bb border_style=\u00bbsolid\u00bb global_colors_info=\u00bb{}\u00bb]<\/p>\n<h1>Apoyo a la educaci\u00f3n medioambiental en Costa Rica<\/h1>\n<p><strong>El objetivo es combinar todos los proyectos de conservaci\u00f3n de la naturaleza en Costa Rica con la educaci\u00f3n medioambiental. Las actividades se dirigen principalmente a alumnos, estudiantes, padres y profesores. Pero tambi\u00e9n se est\u00e1 integrando a las generaciones mayores, y estamos intentando trabajar con las autoridades locales.  <\/strong><strong>socios para transmitir su experiencia a la siguiente generaci\u00f3n.<\/strong><\/p>\n<p>[\/et_pb_text][et_pb_text _builder_version=\u00bb4.16&#8243; border_style=\u00bbsolid\u00bb global_colors_info=\u00bb{}\u00bb]<\/p>\n<h2>Monte Alto - Vuelve la biodiversidad<\/h2>\n<p>En Monte Alto, el programa de educaci\u00f3n medioambiental de la fundaci\u00f3n local Pro Reserva Forestal Monte Alto est\u00e1 financiado en gran parte por Tropica Verde. Adem\u00e1s, junto con varias organizaciones asociadas, se hizo posible la creaci\u00f3n de un centro de educaci\u00f3n medioambiental, que sirve de base para las visitas al proyecto de clases escolares y grupos de viaje. En una excursi\u00f3n, pueden explorar varios senderos naturales, como el de las orqu\u00eddeas y los \u00e1rboles, y conocer la asombrosa biodiversidad de un bosque secundario reforestado con \u00e9xito. Desde hace muchos a\u00f1os se imparten cursos de educaci\u00f3n ambiental en varias escuelas vecinas con el objetivo de sensibilizar a los ni\u00f1os de primaria sobre la fauna y flora de su tierra natal y aumentar su comprensi\u00f3n de la importancia de las distintas especies para el funcionamiento de un ecosistema y un ciclo del agua intacto.<\/p>\n<p>Tambi\u00e9n hay excursiones peri\u00f3dicas a Monte Alto, como el \u00abD\u00eda del \u00c1rbol\u00bb anual, para que los ni\u00f1os conozcan distintas especies animales y aprendan sobre su h\u00e1bitat natural mientras plantan \u00e1rboles. A partir de 2020, se observar\u00e1 y documentar\u00e1 la creciente biodiversidad en colaboraci\u00f3n con estudiantes del Colegio T\u00e9cnico Profesional de Hojancha, utilizando, entre otros, datos recogidos con c\u00e1maras trampa.<\/p>\n<p>[\/et_pb_text][et_pb_gallery gallery_ids=\u00bb6161,6167&#8243; _builder_version=\u00bb4.16&#8243; _module_preset=\u00bbdefault\u00bb title_text_color=\u00bb#999999&#8243; title_font_size=\u00bb13px\u00bb global_colors_info=\u00bb{}\u00bb][\/et_pb_gallery][et_pb_text _builder_version=\u00bb4.16&#8243; _module_preset=\u00bbdefault\u00bb global_colors_info=\u00bb{}\u00bb]<\/p>\n<h2>ACBTC - Conservaci\u00f3n de la selva tropical mediante proyectos escolares<\/h2>\n<p>En el Corredor Biol\u00f3gico Talamanca, Tropica Verde financia proyectos escolares a trav\u00e9s de la organizaci\u00f3n local ACBTC (Asociaci\u00f3n Corredor Biol\u00f3gico Talamanca Caribe). Aqu\u00ed se tratan temas importantes, como los efectos del cambio clim\u00e1tico y la importancia de proteger los bosques ricos en especies de la regi\u00f3n. Este trabajo llega tanto a los alumnos como a sus padres. Los conferenciantes cuentan con el apoyo de Tropica Verde, entre otros, para su labor de educaci\u00f3n medioambiental. En el \u00abFestival Ambiental Por La Vida\u00bb que se celebra anualmente en Bribri, la principal ciudad de la poblaci\u00f3n ind\u00edgena, los alumnos presentan sus proyectos con gran orgullo y compromiso a trav\u00e9s de juegos, danza y teatro.<\/p>\n<p>[\/et_pb_text][et_pb_image src=\u00bbhttps:\/\/neu.tropica-verde.de\/wp-content\/uploads\/2021\/11\/Umweltbildung_Festival_Ambiental_Por_La_Vida.png\u00bb title_text=\u00bbFestival_Educaci\u00f3n_Ambiental_Por_La_Vida\u00bb _builder_version=\u00bb4.16&#8243; _module_preset=\u00bbdefault\u00bb global_colors_info=\u00bb{}\u00bb][\/et_pb_image][et_pb_text _builder_version=\u00bb4.16&#8243; _module_preset=\u00bbdefault\u00bb global_colors_info=\u00bb{}\u00bb]<\/p>\n<h2>Reserva Kinkajou - Visitas guiadas para amantes de la naturaleza<\/h2>\n<p>Partiendo del cercano Yatama Ecolodge, los grupos tur\u00edsticos son guiados a trav\u00e9s de la naturaleza virgen del Parque Nacional Braulio Carrillo y la vecina zona del proyecto. El gu\u00eda de la naturaleza Pedro explica las amenazas<br \/>  para el medio ambiente que acechan m\u00e1s all\u00e1 de los l\u00edmites del parque nacional. Explica los m\u00e9todos de reforestaci\u00f3n para la conservaci\u00f3n y creaci\u00f3n de corredores biol\u00f3gicos, vitales para la supervivencia de numerosas especies animales como prolongaci\u00f3n de su h\u00e1bitat. En un futuro pr\u00f3ximo tambi\u00e9n se construir\u00e1 un peque\u00f1o centro medioambiental, que tambi\u00e9n podr\u00e1n visitar grupos escolares y servir\u00e1 de punto de partida para investigaciones cient\u00edficas.<\/p>\n<p>[\/et_pb_text][et_pb_image src=\u00bbhttps:\/\/neu.tropica-verde.de\/wp-content\/uploads\/2021\/11\/Kinkajou_Exkursion.png\u00bb alt=\u00bbExcursi\u00f3n por la Reserva Kinkajou\u00bb title_text=\u00bbExcursi\u00f3n por la Reserva Kinkajou\u00bb _builder_version=\u00bb4.16&#8243; _module_preset=\u00bbdefault\u00bb custom_margin=\u00bb||4px|||\u00bb global_colors_info=\u00bb{}\u00bb][\/et_pb_image][et_pb_text _builder_version=\u00bb4.16&#8243; _module_preset=\u00bbdefault\u00bb text_text_color=\u00bb#999999&#8243; text_font_size=\u00bb13px\u00bb global_colors_info=\u00bb{}\u00bb]<\/p>\n<p>Excursi\u00f3n por la Reserva Kinkajou<\/p>\n<p>[\/et_pb_text][et_pb_text _builder_version=\u00bb4.16&#8243; _module_preset=\u00bbdefault\u00bb global_colors_info=\u00bb{}\u00bb]<\/p>\n<h2>ECODESI - Educaci\u00f3n medioambiental para j\u00f3venes y mayores<\/h2>\n<p>En el peque\u00f1o pueblo de Villareal, cerca de Tamarindo, Tropica Verde apoya el proyecto \u00abColores de Identidad\u00bb, dirigido por la organizaci\u00f3n local asociada ECODESI. Los principales grupos destinatarios de este proyecto son las personas mayores del municipio de Villareal y los escolares de la regi\u00f3n. Se ayuda a los mayores a aprender y poner en pr\u00e1ctica importantes medidas medioambientales (reciclar, plantar, etc.).<\/p>\n<p>Al mismo tiempo, los participantes de m\u00e1s edad transmiten su experiencia en el cultivo tradicional de hortalizas y frutas a la generaci\u00f3n m\u00e1s joven. Adem\u00e1s de numerosos talleres y cursos de formaci\u00f3n, las actividades de este proyecto incluyen la creaci\u00f3n de un vivero con plantas locales, reforestaci\u00f3n, reciclaje, compostaje, campa\u00f1as para r\u00edos limpios, un banco de semillas con semillas locales y mucho m\u00e1s.<\/p>\n<p>[\/et_pb_text][et_pb_image src=\u00bbhttps:\/\/neu.tropica-verde.de\/wp-content\/uploads\/2021\/11\/Umweltbildung_Kinkajou.png\u00bb alt=\u00bbV\u00edctor en la guarder\u00eda Kinkajou\u00bb title_text=\u00bbV\u00edctor en la guarder\u00eda Kinkajou\u00bb _builder_version=\u00bb4.16&#8243; _module_preset=\u00bbdefault\u00bb custom_margin=\u00bb||7px|||\u00bb global_colors_info=\u00bb{}\u00bb][\/et_pb_image][et_pb_text _builder_version=\u00bb4.16&#8243; _module_preset=\u00bbdefault\u00bb text_text_color=\u00bb#999999&#8243; text_font_size=\u00bb13px\u00bb global_colors_info=\u00bb{}\u00bb]<\/p>\n<p>V\u00edctor en la guarder\u00eda Kinkajou<\/p>\n<p>[\/et_pb_text][\/et_pb_column][et_pb_column type=\u00bb1_3&#8243; _builder_version=\u00bb4.16&#8243; custom_padding=\u00bb|||\u00bb global_colors_info=\u00bb{}\u00bb custom_padding__hover=\u00bb|||\u00bb][et_pb_button button_url=\u00bb@ET-DC@eyJkeW5hbWljIjp0cnVlLCJjb250ZW50IjoicG9zdF9saW5rX3VybF9wYWdlIiwic2V0dGluZ3MiOnsicG9zdF9pZCI6IjQzIn19@\u00bb button_text=\u00bbProyectos\u00bb button_alignment=\u00bbleft\u00bb _builder_version=\u00bb4.16&#8243; _dynamic_attributes=\u00bbbutton_url\u00bb custom_button=\u00bbon\u00bb button_bg_color=\u00bb#15aa66&#8243; background_layout=\u00bbdark\u00bb global_colors_info=\u00bb{}\u00bb button_text_size__hover_enabled=\u00bboff\u00bb button_one_text_size__hover_enabled=\u00bboff\u00bb button_two_text_size__hover_enabled=\u00bboff\u00bb button_text_color__hover_enabled=\u00bboff\u00bb button_one_text_color__hover_enabled=\u00bboff\u00bb button_two_text_color__hover_enabled=\u00bboff\u00bb button_border_width__hover_enabled=\u00bboff\u00bb button_one_border_width__hover_enabled=\u00bboff\u00bb button_two_border_width__hover_enabled=\u00bboff\u00bb button_border_color__hover_enabled=\u00bboff\u00bb button_one_border_color__hover_enabled=\u00bboff\u00bb button_two_border_color__hover_enabled=\u00bboff\u00bb button_border_radius__hover_enabled=\u00bboff\u00bb button_one_border_radius__hover_enabled=\u00bboff\u00bb button_two_border_radius__hover_enabled=\u00bboff\u00bb button_letter_spacing__hover_enabled=\u00bboff\u00bb button_one_letter_spacing__hover_enabled=\u00bboff\u00bb button_two_letter_spacing__hover_enabled=\u00bboff\u00bb button_bg_color__hover_enabled=\u00bboff\u00bb button_one_bg_color__hover_enabled=\u00bboff\u00bb button_two_bg_color__hover_enabled=\u00bboff\u00bb][\/et_pb_button][et_pb_button button_url=\u00bb#\u00bb button_text=\u00bbContribuciones cient\u00edficas\u00bb button_alignment=\u00bbleft\u00bb _builder_version=\u00bb4.23.1&#8243; button_letter_spacing_hover=\u00bb0&#8243; global_colors_info=\u00bb{}\u00bb button_text_size__hover_enabled=\u00bboff\u00bb button_one_text_size__hover_enabled=\u00bboff\u00bb button_two_text_size__hover_enabled=\u00bboff\u00bb button_text_color__hover_enabled=\u00bboff\u00bb button_one_text_color__hover_enabled=\u00bboff\u00bb button_two_text_color__hover_enabled=\u00bboff\u00bb button_border_width__hover_enabled=\u00bboff\u00bb button_one_border_width__hover_enabled=\u00bboff\u00bb button_two_border_width__hover_enabled=\u00bboff\u00bb button_border_color__hover_enabled=\u00bboff\u00bb button_one_border_color__hover_enabled=\u00bboff\u00bb button_two_border_color__hover_enabled=\u00bboff\u00bb button_border_radius__hover_enabled=\u00bboff\u00bb button_one_border_radius__hover_enabled=\u00bboff\u00bb button_two_border_radius__hover_enabled=\u00bboff\u00bb button_letter_spacing__hover_enabled=\u00bbon\u00bb button_letter_spacing__hover=\u00bb0&#8243; button_one_letter_spacing__hover_enabled=\u00bboff\u00bb button_two_letter_spacing__hover_enabled=\u00bboff\u00bb button_bg_color__hover_enabled=\u00bboff\u00bb button_one_bg_color__hover_enabled=\u00bboff\u00bb button_two_bg_color__hover_enabled=\u00bboff\u00bb][\/et_pb_button][et_pb_text _builder_version=\u00bb4.5.3&#8243; text_font=\u00bb||||\u00bb text_font_size=\u00bb14&#8243; header_font=\u00bb||||\u00bb background_size=\u00bbinitial\u00bb background_position=\u00bbtop_left\u00bb background_repeat=\u00bbrepeat\u00bb text_font_size_tablet=\u00bb14&#8243; text_font_size_phone=\u00bb14&#8243; text_letter_spacing_tablet=\u00bb0px\u00bb text_letter_spacing_phone=\u00bb0px\u00bb text_line_height_tablet=\u00bb1.7em\u00bb text_line_height_phone=\u00bb1.7em\u00bb header_font_size_tablet=\u00bb30px\u00bb header_font_size_phone=\u00bb30px\u00bb header_letter_spacing_tablet=\u00bb0px\u00bb header_letter_spacing_phone=\u00bb0px\u00bb header_line_height_tablet=\u00bb1em\u00bb header_line_height_phone=\u00bb1em\u00bb use_border_color=\u00bboff\u00bb border_color=\u00bb#ffffff\u00bb border_width=\u00bb1px\u00bb border_style=\u00bbsolid\u00bb global_module=\u00bb207&#8243; saved_tabs=\u00bball\u00bb global_colors_info=\u00bb{}\u00bb]<\/p>\n<h3>Was Sie tun k\u00f6nnen:<\/h3>\n<p><span style=\"font-size: large;\"><a href=\"http:\/\/www.tropica-verde.de\/helfen-spenden\"><strong>Spenden Sie!<\/strong><\/a><\/span><\/p>\n<p><span lang=\"de\" style=\"font-size: large;\">Spenden Sie f\u00fcr den Gro\u00dfen Soldatenara, f\u00fcr neue B\u00e4ume oder den Schutz von Regenwald. Kompensieren Sie Ihren CO2-Fu\u00dfabdruck oder erwerben Sie eine Regenwald-Patenschaft<\/span><\/p>\n<p><span style=\"font-size: large;\"><strong><a href=\"http:\/\/www.tropica-verde.de\/helfen-spenden\/mitglied-werden\/\">Werden Sie Mitglied!<\/a><br \/><\/strong><\/span><\/p>\n<p id=\"tw-target-text\" class=\"tw-data-text tw-ta tw-text-small\" dir=\"ltr\" data-placeholder=\"\u00dcbersetzung\"><span lang=\"de\" style=\"font-size: large;\">Werden Sie Mitglied bei TROPICA VERDE, und unterst\u00fctzen Sie unsere Aktivit\u00e4ten. Entscheiden Sie mit, was in Zukunft umgesetzt werden soll<\/span><\/p>\n<p><span style=\"font-size: large;\"><a href=\"http:\/\/www.tropica-verde.de\/helfen-spenden\/ehrenamt\/\"><strong>Begleiten Sie uns!<\/strong><\/a><\/span><\/p>\n<p><span style=\"font-size: large;\">Unterst\u00fctzen Sie unseren Verein als Ehrenamtlicher mit Ihrem Wissen<strong><br \/><\/strong><\/span><\/p>\n<p><span style=\"font-size: large;\"><strong><a href=\"http:\/\/www.tropica-verde.de\/helfen-spenden\/weitersagen\/\">Empfehlen Sie uns!<\/a><br \/><\/strong><\/span><\/p>\n<p><span style=\"font-size: large;\">Erz\u00e4hlen Sie Freunden und Bekannten von uns und folgen Sie uns auf Facebook &amp; Co.<\/span><\/p>\n<p>[\/et_pb_text][\/et_pb_column][\/et_pb_row][\/et_pb_section]<\/p>\n","protected":false},"excerpt":{"rendered":"<p>Apoyo a la educaci\u00f3n medioambiental en Costa Rica El objetivo es combinar todos los proyectos de conservaci\u00f3n de la naturaleza en Costa Rica con la educaci\u00f3n medioambiental. Las actividades se dirigen principalmente a alumnos, estudiantes, padres y profesores. Pero tambi\u00e9n se est\u00e1 integrando a las generaciones mayores, y estamos intentando trabajar con las autoridades locales. [&hellip;]<\/p>\n","protected":false},"author":2,"featured_media":0,"parent":0,"menu_order":0,"comment_status":"closed","ping_status":"closed","template":"","meta":{"_et_pb_use_builder":"on","_et_pb_old_content":"","_et_gb_content_width":"","inline_featured_image":false,"footnotes":""},"class_list":["post-5912","page","type-page","status-publish","hentry"],"_links":{"self":[{"href":"https:\/\/tropica-verde.de\/es\/wp-json\/wp\/v2\/pages\/5912","targetHints":{"allow":["GET"]}}],"collection":[{"href":"https:\/\/tropica-verde.de\/es\/wp-json\/wp\/v2\/pages"}],"about":[{"href":"https:\/\/tropica-verde.de\/es\/wp-json\/wp\/v2\/types\/page"}],"author":[{"embeddable":true,"href":"https:\/\/tropica-verde.de\/es\/wp-json\/wp\/v2\/users\/2"}],"replies":[{"embeddable":true,"href":"https:\/\/tropica-verde.de\/es\/wp-json\/wp\/v2\/comments?post=5912"}],"version-history":[{"count":9,"href":"https:\/\/tropica-verde.de\/es\/wp-json\/wp\/v2\/pages\/5912\/revisions"}],"predecessor-version":[{"id":241432,"href":"https:\/\/tropica-verde.de\/es\/wp-json\/wp\/v2\/pages\/5912\/revisions\/241432"}],"wp:attachment":[{"href":"https:\/\/tropica-verde.de\/es\/wp-json\/wp\/v2\/media?parent=5912"}],"curies":[{"name":"wp","href":"https:\/\/api.w.org\/{rel}","templated":true}]}}