{"id":5886,"date":"2018-10-31T14:23:03","date_gmt":"2018-10-31T12:23:03","guid":{"rendered":"https:\/\/neu.tropica-verde.de\/quienes-somos\/statute\/"},"modified":"2025-02-01T02:17:28","modified_gmt":"2025-02-01T00:17:28","slug":"statute","status":"publish","type":"page","link":"https:\/\/tropica-verde.de\/es\/quienes-somos\/statute\/","title":{"rendered":"Estatutos"},"content":{"rendered":"<p>[et_pb_section fb_built=\u00bb1&#8243; fullwidth=\u00bbon\u00bb _builder_version=\u00bb4.16&#8243; _module_preset=\u00bbdefault\u00bb min_height_tablet=\u00bb\u00bb min_height_phone=\u00bb\u00bb min_height_last_edited=\u00bbon|phone\u00bb saved_tabs=\u00bball\u00bb global_colors_info=\u00bb{}\u00bb][et_pb_fullwidth_header title=\u00bbEstatutos de TROPICA VERDE e.V.\u00bb subhead=\u00bb(estatutos vigentes en la versi\u00f3n del 20 de julio de 2024)\u00bb _builder_version=\u00bb4.23.1&#8243; _module_preset=\u00bbdefault\u00bb title_font=\u00bb|800||on|||||\u00bb title_font_size=\u00bb70px\u00bb title_line_height=\u00bb0.8em\u00bb subhead_font=\u00bbSource Serif Pro Semibold||||||||\u00bb subhead_font_size=\u00bb36px\u00bb subhead_line_height=\u00bb1.2em\u00bb background_color=\u00bbrgba(0,13,53,0.24)\u00bb background_image=\u00bbhttps:\/\/tropica-verde.de\/wp-content\/uploads\/2023\/01\/Arenal-Vulka-Arenal-mit-Regenbogen-\u00a9-Stefan-Rother-Faunity-1024&#215;639-1.jpg\u00bb background_position=\u00bbbottom_center\u00bb background_vertical_offset=\u00bb30%\u00bb background_blend=\u00bbmultiply\u00bb transform_translate_linked=\u00bboff\u00bb min_height=\u00bb464px\u00bb min_height_tablet=\u00bb\u00bb min_height_phone=\u00bb\u00bb min_height_last_edited=\u00bbon|desktop\u00bb custom_margin=\u00bb||||false|false\u00bb custom_padding=\u00bb180px||||false|false\u00bb custom_padding_tablet=\u00bb60px||||false|false\u00bb custom_padding_phone=\u00bb||||false|false\u00bb custom_padding_last_edited=\u00bbon|tablet\u00bb title_font_size_tablet=\u00bb56px\u00bb title_font_size_phone=\u00bb43px\u00bb title_font_size_last_edited=\u00bbon|desktop\u00bb subhead_font_size_tablet=\u00bb30px\u00bb subhead_font_size_phone=\u00bb24px\u00bb subhead_font_size_last_edited=\u00bbon|phone\u00bb global_colors_info=\u00bb{}\u00bb][\/et_pb_fullwidth_header][\/et_pb_section][et_pb_section fb_built=\u00bb1&#8243; custom_padding_last_edited=\u00bbon|tablet\u00bb _builder_version=\u00bb4.23.1&#8243; custom_padding=\u00bb100px||100px||false|false\u00bb custom_padding_tablet=\u00bb50px||50px||false|false\u00bb custom_padding_phone=\u00bb50px||50px||false|false\u00bb global_colors_info=\u00bb{}\u00bb][et_pb_row _builder_version=\u00bb4.23.1&#8243; background_size=\u00bbinitial\u00bb background_position=\u00bbtop_left\u00bb background_repeat=\u00bbrepeat\u00bb custom_padding=\u00bb0px||0px||false|false\u00bb global_colors_info=\u00bb{}\u00bb][et_pb_column type=\u00bb4_4&#8243; _builder_version=\u00bb4.16&#8243; custom_padding=\u00bb|||\u00bb global_colors_info=\u00bb{}\u00bb custom_padding__hover=\u00bb|||\u00bb][et_pb_text _builder_version=\u00bb4.23.1&#8243; border_style=\u00bbsolid\u00bb global_colors_info=\u00bb{}\u00bb]<\/p>\n<h3>\u00a7 1 Nombre y domicilio social<\/h3>\n<p><strong>1.<\/strong> La asociaci\u00f3n lleva el nombre de \u00abTROPICA VERDE - Asociaci\u00f3n para la Protecci\u00f3n de los H\u00e1bitats Tropicales\u00bb.<\/p>\n<p><strong>2.<\/strong> el domicilio social de la Asociaci\u00f3n es Fr\u00e1ncfort del Meno.<\/p>\n<p><strong>3<\/strong>. la asociaci\u00f3n con capacidad jur\u00eddica est\u00e1 inscrita en el registro de asociaciones del Juzgado de Primera Instancia de Fr\u00e1ncfort con el n\u00famero 9422. La denominaci\u00f3n es \u00abeingetragener Verein\u00bb (asociaci\u00f3n registrada).<\/p>\n<h3 align=\"justify\">\u00a7 2 Objeto de la asociaci\u00f3n<\/h3>\n<p>1. la finalidad de la organizaci\u00f3n es la promoci\u00f3n desinteresada de medidas que sirvan para la protecci\u00f3n, preservaci\u00f3n y regeneraci\u00f3n de los h\u00e1bitats tropicales, especialmente de los bosques tropicales. Se trata, en particular, de medidas que fomentan<\/p>\n<p>- educaci\u00f3n p\u00fablica y medioambiental - cooperaci\u00f3n internacional y entendimiento internacional - asesoramiento al consumidor<\/p>\n<p>tienen como objetivo.<\/p>\n<p>2. la finalidad de los estatutos se realiza principalmente a trav\u00e9s del trabajo de relaciones p\u00fablicas, mediante actos y medidas propios y a trav\u00e9s de la promoci\u00f3n de actos y medidas de terceros, siempre que con ello se fomente el rescate de h\u00e1bitats tropicales. Esto incluye, en particular, la realizaci\u00f3n o el apoyo de<\/p>\n<p>- Seminarios, conferencias y congresos, exposiciones y visitas guiadas; - educaci\u00f3n sobre las relaciones con los productos tropicales y sus or\u00edgenes; - educaci\u00f3n sobre las oportunidades de que disponen las personas aqu\u00ed para apoyar la conservaci\u00f3n de los tr\u00f3picos; - operaciones de protecci\u00f3n y rescate de h\u00e1bitats tropicales amenazados, - recopilaci\u00f3n y evaluaci\u00f3n de descubrimientos cient\u00edficos en el campo de la conservaci\u00f3n de los tr\u00f3picos y su difusi\u00f3n.<\/p>\n<p>3. la organizaci\u00f3n tambi\u00e9n puede poner recursos financieros, materiales o de personal a disposici\u00f3n de corporaciones, instituciones y fundaciones o autoridades p\u00fablicas adecuadas si \u00e9stas, a su vez, contribuyen a salvar los h\u00e1bitats tropicales.<\/p>\n<p>4. la organizaci\u00f3n puede recibir y gastar donativos.<\/p>\n<h3>\u00a7 3 Sin \u00e1nimo de lucro<\/h3>\n<p>1. la asociaci\u00f3n persigue exclusiva y directamente fines ben\u00e9ficos en el sentido de la secci\u00f3n \u00abfines fiscalmente privilegiados\u00bb del C\u00f3digo Fiscal alem\u00e1n.<\/p>\n<p>2. la asociaci\u00f3n tiene una actividad desinteresada y no persigue fines econ\u00f3micos.<\/p>\n<p>3. ninguna persona podr\u00e1 ser favorecida con gastos ajenos a la finalidad de la asociaci\u00f3n o con una remuneraci\u00f3n desproporcionadamente elevada.<\/p>\n<p>4. las contribuciones en especie efectuadas en nombre de la asociaci\u00f3n s\u00f3lo se reembolsar\u00e1n contra recibo.<\/p>\n<p>5. los fondos de la Asociaci\u00f3n, incluidos los eventuales excedentes, s\u00f3lo podr\u00e1n utilizarse para los fines previstos en los estatutos. Los miembros no reciben ning\u00fan beneficio de los fondos de la asociaci\u00f3n.<\/p>\n<h3>\u00a7 4 Afiliaci\u00f3n<\/h3>\n<p>TROPICA VERDE distingue dos grupos de socios y patrocinadores:<\/p>\n<p>(a) Podr\u00e1 ser miembro de TROPICA VERDE toda persona que lo desee en funci\u00f3n de sus capacidades personales y profesionales y que reconozca los presentes estatutos. El Comit\u00e9 de Asociaci\u00f3n decide sobre la admisi\u00f3n como miembro.<br \/>(b) Cualquier persona que haya prestado servicios destacados a la labor y los objetivos de la Asociaci\u00f3n podr\u00e1 ser nombrada miembro honorario.<br \/>(c) Cualquier persona que apoye a la organizaci\u00f3n principalmente difundiendo la idea de la protecci\u00f3n de los tr\u00f3picos y realice una contribuci\u00f3n econ\u00f3mica voluntaria y peri\u00f3dica puede convertirse en patrocinador.<\/p>\n<h3>\u00a7 5 Derechos de afiliaci\u00f3n<\/h3>\n<p>1. los afiliados y patrocinadores tienen derecho a participar en la asamblea general y -siempre que sean mayores de edad- derecho de voto personal y sin restricciones. Los miembros y patrocinadores tienen derecho a la informaci\u00f3n y a formular propuestas sobre todas las cuestiones relacionadas con la organizaci\u00f3n. El Consejo Ejecutivo debe proporcionarles informaci\u00f3n sobre las actividades de la asociaci\u00f3n de forma peri\u00f3dica, al menos una vez al a\u00f1o. A los socios y patrocinadores se les conceden ventajas como descuentos y privilegios sobre los no socios en los actos organizados por TROPICA VERDE.<\/p>\n<p>2. Los miembros honorarios tienen los siguientes derechos: Los miembros honorarios tienen derecho a la informaci\u00f3n y a hacer propuestas sobre todos los asuntos de la asociaci\u00f3n. El Consejo Ejecutivo debe facilitarles informaci\u00f3n sobre las actividades de la Asociaci\u00f3n, siempre que los intereses de la Asociaci\u00f3n y la confidencialidad exigida no lo proh\u00edban y ello no suponga costes desproporcionados.<\/p>\n<p>Los miembros honorarios reciben informaci\u00f3n peri\u00f3dica por escrito sobre las actividades de la asociaci\u00f3n, en particular sobre las medidas llevadas a cabo, sobre el desarrollo de la asociaci\u00f3n y sobre las asambleas generales.<\/p>\n<p>Los socios honorarios disfrutan de ventajas como descuentos y privilegios respecto a los no socios en los actos organizados por TROPICA VERDE.<\/p>\n<p>La Junta General decide sobre la afiliaci\u00f3n honoraria bas\u00e1ndose en propuestas de las filas de los afiliados.<\/p>\n<h3>\u00a7 6 Cuotas de afiliaci\u00f3n<\/h3>\n<p>1. la cuota de afiliaci\u00f3n es anual y debe abonarse antes de que finalice el primer trimestre. Si la afiliaci\u00f3n se produce durante el a\u00f1o civil en curso, deber\u00e1 abonarse la cuota anual completa.<\/p>\n<p>2. el importe de la cuota de afiliaci\u00f3n de los miembros ser\u00e1 determinado por el Comit\u00e9 de Asociaci\u00f3n.<\/p>\n<p>3. el importe de la cotizaci\u00f3n para los patrocinadores es voluntario.<\/p>\n<p>4. los miembros honorarios est\u00e1n exentos del pago de cuotas de afiliaci\u00f3n.<\/p>\n<p>5. un tesorero es responsable del pago de las cotizaciones. El tesorero es elegido por la asamblea general.<strong><br \/><\/strong><\/p>\n<h3>\u00a7 7. dimisi\u00f3n de los miembros \/ cese de la condici\u00f3n de patrocinador<\/h3>\n<p>1. un miembro puede darse de baja de la asociaci\u00f3n en cualquier momento mediante declaraci\u00f3n escrita u optar por la condici\u00f3n de patrocinador de la misma manera. En cualquier caso, la obligaci\u00f3n de cotizar de los afiliados s\u00f3lo expirar\u00e1 al final del a\u00f1o civil en curso.<\/p>\n<p>2. un patrocinador tambi\u00e9n abandonar\u00e1 la asociaci\u00f3n si deja de prestar apoyo financiero a la misma. No es necesario avisar con antelaci\u00f3n.<\/p>\n<h3>\u00a7 8. exclusi\u00f3n de miembros<\/h3>\n<p>1. un miembro puede ser expulsado de la asociaci\u00f3n si atenta gravemente contra los intereses de la asociaci\u00f3n.<\/p>\n<p>2. la junta general decide sobre la exclusi\u00f3n; la persona afectada debe tener la oportunidad de hacer una declaraci\u00f3n previa. Para la exclusi\u00f3n se requiere una mayor\u00eda de al menos 3\/4 de los votos emitidos.<\/p>\n<p>3. la amenaza de expulsi\u00f3n debe notificarse al afiliado por escrito, indicando los motivos.<strong><br \/><\/strong><\/p>\n<h3>\u00a7 9 \u00d3rganos de la Asociaci\u00f3n<\/h3>\n<p>Los \u00f3rganos de la Asociaci\u00f3n son (a) la Junta Directiva, (b) el Comit\u00e9 de Asociaci\u00f3n, (c) la Asamblea General, formada por los miembros y patrocinadores de acuerdo con el \u00a7 4(a) y \u00a7 4(c).<\/p>\n<h3>\u00a7 10 Consejo Ejecutivo<\/h3>\n<p>1. el Comit\u00e9 Ejecutivo se elige entre los miembros y est\u00e1 compuesto por<\/p>\n<p>(a) el presidente,<br \/>(b) el vicepresidente,<br \/>(c) el secretario,<br \/>(d) el tesorero.<\/p>\n<p>2. el Comit\u00e9 Ejecutivo gestiona los asuntos corrientes y est\u00e1 vinculado por las resoluciones de la Junta General. Debe dar cuenta de sus actividades en cada Junta General.<\/p>\n<p>3. - representar a la asociaci\u00f3n en el exterior; - convocar y presidir la Asamblea General; - dirigir las actividades de los empleados a tiempo completo; - actuar en nombre de la asociaci\u00f3n, salvo que estos Estatutos estipulen otra cosa.<\/p>\n<p>4. la Junta Directiva est\u00e1 representada en juicio y fuera de \u00e9l por el presidente y otro miembro de la Junta Directiva. tanto el presidente como el vicepresidente est\u00e1n autorizados a concluir transacciones jur\u00eddicas que no impliquen una carga para la asociaci\u00f3n superior a 2.500 euros.<\/p>\n<p>Sin embargo, la autorizaci\u00f3n del vicepresidente s\u00f3lo se aplica internamente en caso de que el presidente no pueda hacerlo. El presidente s\u00f3lo est\u00e1 autorizado a concluir transacciones jur\u00eddicas que impliquen una carga para la asociaci\u00f3n superior a 2.500 euros, pero no superior a 10.000 euros, junto con otro miembro del Consejo Ejecutivo. El Consejo Ejecutivo requiere la aprobaci\u00f3n de 2\/3 de los votos emitidos por el Comit\u00e9 de Asociaci\u00f3n para concluir transacciones jur\u00eddicas que impliquen una carga para la asociaci\u00f3n superior a 10.000 euros y para contratos de servicios. <\/p>\n<p>5 El Consejo de Administraci\u00f3n adopta sus acuerdos en las reuniones del Consejo de Administraci\u00f3n, que son convocadas y presididas por el Presidente o, en caso de impedimento de \u00e9ste, por uno de los Vicepresidentes. Una conexi\u00f3n electr\u00f3nica (tel\u00e9fono o videoconferencia) a la reuni\u00f3n tambi\u00e9n se considera presencia. En casos concretos, las resoluciones pueden adoptarse por escrito y por mayor\u00eda de votos de todos los miembros del Consejo.<\/p>\n<p>6 El Comit\u00e9 Ejecutivo es elegido cada dos a\u00f1os por la Asamblea General de entre sus miembros. El Consejo de Administraci\u00f3n puede ser reelegido.<\/p>\n<p>7. en caso de dimisi\u00f3n de un miembro del Comit\u00e9 Ejecutivo, los restantes miembros del Comit\u00e9 Ejecutivo tienen derecho a nombrar un sustituto hasta la siguiente Junta General.<\/p>\n<h3>\u00a7 11 El Comit\u00e9 de Asociaci\u00f3n<\/h3>\n<p>1. el Comit\u00e9 de Asociaci\u00f3n supervisa y asesora al Consejo Ejecutivo en la planificaci\u00f3n, ejecuci\u00f3n y evaluaci\u00f3n de las actividades en curso. Se compone de 3 miembros de la Asociaci\u00f3n elegidos por la Junta General por un periodo de 2 a\u00f1os, que no pueden ser miembros del Comit\u00e9 Ejecutivo. Los miembros del Comit\u00e9 de Asociaci\u00f3n pueden ser reelegidos. <\/p>\n<p>El Comit\u00e9 de Asociaci\u00f3n elige a un presidente de entre sus miembros. El Comit\u00e9 de Asociaci\u00f3n adopta un reglamento interno en el que se regula con m\u00e1s detalle la relaci\u00f3n entre el Consejo Ejecutivo y el Comit\u00e9 de Asociaci\u00f3n, los tipos de transacciones que requieren aprobaci\u00f3n y la aprobaci\u00f3n posterior de transacciones urgentes realizadas de forma independiente por el Consejo Ejecutivo. Si no se alcanza un acuerdo entre el Comit\u00e9 de Asociaci\u00f3n y el Consejo Ejecutivo sobre una transacci\u00f3n, el Consejo Ejecutivo puede posponer la transacci\u00f3n o convocar una asamblea general extraordinaria en la que los miembros presentes decidan sobre la transacci\u00f3n por mayor\u00eda simple.<\/p>\n<p>2. el Comit\u00e9 de Asociaci\u00f3n es responsable, entre otras cosas, de las tareas especificadas en los Estatutos en los \u00a7 4 y \u00a7 6 p\u00e1rr. <br \/>2 y para otras tareas que le asigne la Asamblea General. El reglamento interno del Comit\u00e9 de Asociaci\u00f3n regula m\u00e1s detalles. El Comit\u00e9 de Asociaci\u00f3n supervisa y asesora sobre la aplicaci\u00f3n concreta de las directrices establecidas en la Junta General.<\/p>\n<p>3. el Comit\u00e9 de Asociaci\u00f3n se re\u00fane y adopta acuerdos en reuniones ordinarias con la frecuencia que requieran los asuntos corrientes o si lo solicita un miembro del Comit\u00e9 de Asociaci\u00f3n, pero al menos una vez por trimestre. el Comit\u00e9 de Asociaci\u00f3n tiene qu\u00f3rum si est\u00e1n presentes al menos 2\/3 de los miembros del Comit\u00e9 de Asociaci\u00f3n. Una conexi\u00f3n electr\u00f3nica (tel\u00e9fono, videoconferencia) a la reuni\u00f3n tambi\u00e9n se considera presencia. En casos concretos, las resoluciones pueden aprobarse por escrito y por mayor\u00eda de votos de todos los miembros de la comisi\u00f3n.<\/p>\n<p>4. en caso de dimisi\u00f3n de un miembro del Comit\u00e9 de Asociaci\u00f3n, se aplicar\u00e1 el apartado 7 del art\u00edculo 10.<\/p>\n<h3>\u00a7 12 Junta General<\/h3>\n<p>1. La Junta General ordinaria de afiliados ser\u00e1 convocada una vez al a\u00f1o por el Comit\u00e9 Ejecutivo. Pueden participar todos los afiliados y patrocinadores. En el caso de afiliaciones compuestas por varias personas f\u00edsicas, cada persona tiene derecho a votar individualmente. Sin embargo, s\u00f3lo los miembros adultos tienen derecho a voto.<\/p>\n<p>2. se invitar\u00e1 a los miembros y patrocinadores por escrito, indicando el orden del d\u00eda y avisando con al menos dos semanas de antelaci\u00f3n (dar\u00e1 fe el matasellos de correos).<\/p>\n<p>3. El Comit\u00e9 Ejecutivo tambi\u00e9n podr\u00e1 convocar una asamblea general extraordinaria en cualquier momento. Est\u00e1 obligada a hacerlo si al menos 1\/5 de los miembros y patrocinadores lo solicitan por escrito, indicando el prop\u00f3sito y las razones. En este caso, se invitar\u00e1 a los miembros y patrocinadores con notificaci\u00f3n del orden del d\u00eda y al menos una semana de antelaci\u00f3n.<\/p>\n<p>4 La Asamblea General constituir\u00e1 qu\u00f3rum si est\u00e1n presentes al menos 15 (es decir: quince) miembros y patrocinadores.<\/p>\n<p>5. si no hay qu\u00f3rum, el Consejo de Administraci\u00f3n deber\u00e1 convocar una segunda reuni\u00f3n con el mismo orden del d\u00eda en el plazo de dos semanas, notific\u00e1ndolo con al menos una semana de antelaci\u00f3n (dar\u00e1 fe el matasellos de correos). Hay qu\u00f3rum independientemente del n\u00famero de miembros y patrocinadores presentes. Este qu\u00f3rum especial debe indicarse en la convocatoria de la segunda reuni\u00f3n.<\/p>\n<p>6. la Junta General estar\u00e1 presidida por un miembro del Consejo de Administraci\u00f3n acordado por \u00e9ste. Se levantar\u00e1 acta de la reuni\u00f3n, que firmar\u00e1n el presidente de la reuni\u00f3n y el secretario.<\/p>\n<p>7 Las mociones para la Junta General deber\u00e1n recibirse en la oficina al menos una semana antes de la fecha de la reuni\u00f3n, de lo contrario no tendr\u00e1n derecho a ser tratadas. No se tendr\u00e1n en cuenta las sugerencias recibidas con posterioridad.<\/p>\n<p>8. los acuerdos de la Junta General ser\u00e1n registrados por el secretario y comunicados por escrito a cada miembro y patrocinador.<\/p>\n<p>9 La Junta General decide, por mayor\u00eda simple, sobre la aprobaci\u00f3n de la gesti\u00f3n de los miembros del Comit\u00e9 Ejecutivo correspondiente al \u00faltimo ejercicio cerrado. Los miembros del Comit\u00e9 Ejecutivo a los que se conceda la aprobaci\u00f3n de la gesti\u00f3n no tienen derecho de voto en la decisi\u00f3n de aprobaci\u00f3n de la gesti\u00f3n.<\/p>\n<p><span>10. el env\u00edo de documentos a los miembros y patrocinadores en virtud de los puntos 2, 3, 5 y 8 puede realizarse tanto por v\u00eda electr\u00f3nica como por correo postal. La forma de env\u00edo de las invitaciones debe estar documentada. <\/span><\/p>\n<h3>\u00a7 13 Disposiciones generales<\/h3>\n<p>1. toda actividad en la asociaci\u00f3n, a excepci\u00f3n de la de los empleados, es honor\u00edfica.<\/p>\n<p>2. los empleados de la asociaci\u00f3n no pueden ser miembros del comit\u00e9 de la asociaci\u00f3n ni auditores.<\/p>\n<p>3. las elecciones a los \u00f3rganos de la Asociaci\u00f3n ser\u00e1n abiertas, a menos que uno de los presentes solicite votaci\u00f3n secreta.<\/p>\n<p>4. 4 Las resoluciones se adoptan por mayor\u00eda simple de los votos emitidos, sin perjuicio de otras disposiciones. En caso de empate, la moci\u00f3n se considera rechazada. Las abstenciones se consideran votos nulos; s\u00f3lo en el caso de votaciones para modificar los Estatutos se cuentan como votos \u00abno\u00bb. Para modificar los estatutos se requiere una mayor\u00eda de 2\/3 de los votos emitidos.<\/p>\n<p>5. debe levantarse acta de las resoluciones aprobadas en los \u00f3rganos y de las mociones subyacentes. El acta debe ser firmada por el presidente de la reuni\u00f3n y el secretario. Deber\u00e1 remitirse sin demora una copia de dichas actas a la oficina. Los miembros deben tener acceso previa solicitud.<\/p>\n<p>6 La asociaci\u00f3n puede nombrar y revocar representantes o apoderados, adem\u00e1s de los miembros de la Junta Directiva, para cumplir sus objetivos, tanto en Alemania como en el extranjero, y establecer oficinas adicionales. Las personas nombradas en el apartado 1 del art\u00edculo 6 pueden ser apoderadas por tiempo limitado o ilimitado, pero siempre junto con otro representante o un notario autorizado para representar a la asociaci\u00f3n o a un miembro de la Junta Directiva.<\/p>\n<p>Para el nombramiento de representantes gestores y apoderados, as\u00ed como para el alcance de los respectivos poderes, se requiere la decisi\u00f3n un\u00e1nime de la Junta Directiva y del Comit\u00e9 de Asociaci\u00f3n. Para el cese de representantes gestores y apoderados, as\u00ed como para la anulaci\u00f3n de los respectivos poderes, basta la mayor\u00eda simple de la Junta Directiva.  La decisi\u00f3n correspondiente debe documentarse por escrito.<\/p>\n<h3>\u00a7 14 Disoluci\u00f3n de la Asociaci\u00f3n<\/h3>\n<p>1. la disoluci\u00f3n de la Asociaci\u00f3n requiere un acuerdo de la Junta General con una mayor\u00eda de 3\/4 de los votos emitidos.<\/p>\n<p>2. en caso de disoluci\u00f3n o cancelaci\u00f3n de la asociaci\u00f3n o de interrupci\u00f3n de su finalidad anterior o de interrupci\u00f3n de los fines fiscalmente privilegiados, el patrimonio de la asociaci\u00f3n se transferir\u00e1 a una corporaci\u00f3n p\u00fablica o a otra corporaci\u00f3n fiscalmente privilegiada designada por la junta general que acuerde la disoluci\u00f3n y que deber\u00e1 destinarlo exclusiva y directamente a fines ben\u00e9ficos de protecci\u00f3n del medio ambiente y conservaci\u00f3n de la naturaleza.<\/p>\n<h3>\u00a7 15 Protecci\u00f3n de datos<\/h3>\n<p>1. con el fin de cumplir los objetivos y tareas de la asociaci\u00f3n, en la asociaci\u00f3n se procesan datos personales sobre las circunstancias personales y f\u00e1cticas de los miembros de conformidad con las disposiciones del Reglamento General de Protecci\u00f3n de Datos de la UE (GDPR) y la Ley Federal de Protecci\u00f3n de Datos (BDSG).<\/p>\n<p>2. en la medida en que se cumplan las condiciones descritas en los respectivos reglamentos, cada miembro de la asociaci\u00f3n tiene los siguientes derechos en particular: - el derecho de acceso en virtud del art\u00edculo 15 GDPR, - el derecho de rectificaci\u00f3n en virtud del art\u00edculo 16 GDPR, - el derecho de supresi\u00f3n en virtud del art\u00edculo 17 GDPR, - el derecho a la restricci\u00f3n del tratamiento en virtud del art\u00edculo 18 GDPR, - el derecho a la portabilidad de datos en virtud del art\u00edculo 20 GDPR y - el derecho de oposici\u00f3n en virtud del art\u00edculo 21 GDPR.<\/p>\n<p>3. se proh\u00edbe a los \u00f3rganos de la asociaci\u00f3n, a todos los empleados o a otras personas que trabajen para la asociaci\u00f3n procesar, divulgar, hacer accesibles a terceros o utilizar de cualquier otro modo datos personales sin autorizaci\u00f3n para fines distintos del respectivo cumplimiento de tareas. Esta obligaci\u00f3n tambi\u00e9n se aplica despu\u00e9s de que las personas mencionadas hayan abandonado la asociaci\u00f3n.<\/p>\n<p>4. para cumplir las tareas y obligaciones derivadas del Reglamento General de Protecci\u00f3n de Datos de la UE y de la Ley Federal de Protecci\u00f3n de Datos, el Comit\u00e9 Ejecutivo nombra, en su caso, a un responsable de la protecci\u00f3n de datos.<\/p>\n<p>(Versi\u00f3n adoptada por la Junta General el 20 de julio de 2024)<\/p>\n<p><a href=\"https:\/\/tropica-verde.de\/wp-content\/uploads\/2024\/07\/20240720_Satzung_20_07_2024_final.pdf\" target=\"_blank\" rel=\"noopener\">Descargar los estatutos vigentes con fecha 20\/07\/2024<\/a><\/p>\n<p>[\/et_pb_text][\/et_pb_column][\/et_pb_row][et_pb_row admin_label=\u00bbprotecci\u00f3n de datos\u00bb module_id=\u00bbdatenschutz\u00bb _builder_version=\u00bb4.16&#8243; background_size=\u00bbinitial\u00bb background_position=\u00bbtop_left\u00bb background_repeat=\u00bbrepeat\u00bb global_colors_info=\u00bb{}\u00bb][et_pb_column type=\u00bb4_4&#8243; _builder_version=\u00bb4.16&#8243; custom_padding=\u00bb|||\u00bb global_colors_info=\u00bb{}\u00bb custom_padding__hover=\u00bb|||\u00bb][et_pb_text module_id=\u00bbdatenschutz\u00bb _builder_version=\u00bb4.23.1&#8243; border_style=\u00bbsolid\u00bb global_colors_info=\u00bb{}\u00bb][\/et_pb_text][\/et_pb_column][\/et_pb_row][\/et_pb_section]<\/p>\n","protected":false},"excerpt":{"rendered":"<p>\u00a7 1 Nombre y domicilio social 1. La asociaci\u00f3n lleva el nombre de \u00abTROPICA VERDE - Asociaci\u00f3n para la Protecci\u00f3n de los H\u00e1bitats Tropicales\u00bb. 2. el domicilio social de la Asociaci\u00f3n es Fr\u00e1ncfort del Meno. 3. la asociaci\u00f3n con capacidad jur\u00eddica est\u00e1 inscrita en el registro de asociaciones del Juzgado de Primera Instancia de Fr\u00e1ncfort [&hellip;]<\/p>\n","protected":false},"author":2,"featured_media":0,"parent":5847,"menu_order":0,"comment_status":"closed","ping_status":"closed","template":"","meta":{"_et_pb_use_builder":"on","_et_pb_old_content":"","_et_gb_content_width":"","inline_featured_image":false,"footnotes":""},"class_list":["post-5886","page","type-page","status-publish","hentry"],"_links":{"self":[{"href":"https:\/\/tropica-verde.de\/es\/wp-json\/wp\/v2\/pages\/5886","targetHints":{"allow":["GET"]}}],"collection":[{"href":"https:\/\/tropica-verde.de\/es\/wp-json\/wp\/v2\/pages"}],"about":[{"href":"https:\/\/tropica-verde.de\/es\/wp-json\/wp\/v2\/types\/page"}],"author":[{"embeddable":true,"href":"https:\/\/tropica-verde.de\/es\/wp-json\/wp\/v2\/users\/2"}],"replies":[{"embeddable":true,"href":"https:\/\/tropica-verde.de\/es\/wp-json\/wp\/v2\/comments?post=5886"}],"version-history":[{"count":21,"href":"https:\/\/tropica-verde.de\/es\/wp-json\/wp\/v2\/pages\/5886\/revisions"}],"predecessor-version":[{"id":246417,"href":"https:\/\/tropica-verde.de\/es\/wp-json\/wp\/v2\/pages\/5886\/revisions\/246417"}],"up":[{"embeddable":true,"href":"https:\/\/tropica-verde.de\/es\/wp-json\/wp\/v2\/pages\/5847"}],"wp:attachment":[{"href":"https:\/\/tropica-verde.de\/es\/wp-json\/wp\/v2\/media?parent=5886"}],"curies":[{"name":"wp","href":"https:\/\/api.w.org\/{rel}","templated":true}]}}