{"id":5876,"date":"2017-03-13T11:15:05","date_gmt":"2017-03-13T11:15:05","guid":{"rendered":"https:\/\/neu.tropica-verde.de\/contact\/"},"modified":"2025-02-01T02:46:45","modified_gmt":"2025-02-01T00:46:45","slug":"contactenos","status":"publish","type":"page","link":"https:\/\/tropica-verde.de\/es\/contactenos\/","title":{"rendered":"P\u00f3ngase en contacto con nosotros"},"content":{"rendered":"<p>[et_pb_section fb_built=\u00bb1&#8243; admin_label=\u00bbsection\u00bb _builder_version=\u00bb4.16&#8243; global_colors_info=\u00bb{}\u00bb][et_pb_row column_structure=\u00bb2_3,1_3&#8243; admin_label=\u00bbfila\u00bb _builder_version=\u00bb4.16&#8243; background_size=\u00bbinitial\u00bb background_position=\u00bbtop_left\u00bb background_repeat=\u00bbrepeat\u00bb global_colors_info=\u00bb{}\u00bb][et_pb_column type=\u00bb2_3&#8243; _builder_version=\u00bb4.16&#8243; custom_padding=\u00bb|||\u00bb global_colors_info=\u00bb{}\u00bb custom_padding__hover=\u00bb|||\u00bb][et_pb_text _builder_version=\u00bb4.23.1&#8243; header_font_size=\u00bb36px\u00bb background_size=\u00bbinitial\u00bb background_position=\u00bbtop_left\u00bb background_repeat=\u00bbrepeat\u00bb header_font_size_tablet=\u00bb30px\u00bb header_font_size_phone=\u00bb24px\u00bb header_font_size_last_edited=\u00bbon|phone\u00bb border_style=\u00bbsolid\u00bb global_colors_info=\u00bb{}\u00bb]<\/p>\n<h1>P\u00f3ngase en contacto con nosotros<\/h1>\n<p>TROPICA VERDE e.V. Asociaci\u00f3n para la protecci\u00f3n de los h\u00e1bitats tropicales Oficina de informaci\u00f3n en la \u00d6kohaus Despacho n\u00ba 361, 3\u00aa planta \/ este Kasseler Stra\u00dfe 1 A D-60486 Frankfurt am Main<\/p>\n<p>Tel\u00e9fono: +49 (0)69 75 15 50 Fax: +49 (0)69 75 21 82 Correo electr\u00f3nico:<a href=\"mailto:mail@tropica-verde.de\">mail@tropica-verde.de<\/a>Web: <a href=\"mailto:mail@tropica-verde.de\"> <\/a><a href=\"http:\/\/www.tropica-verde.de\">www.tropica-verde.de<\/a><\/p>\n<p><span style=\"color: #ef3700;\">Inscr\u00edbase si desea visitarnos en la oficina de informaci\u00f3n. La mejor forma de ponerse en contacto con nosotros es por correo electr\u00f3nico o por tel\u00e9fono.<\/span><b><br \/><\/b><\/p>\n<h2>Datos de la cuenta<\/h2>\n<p>IBAN: DE69 5005 0201 0000 2552 70 BIC: HELADEF1822 (Caja de Ahorros de Frankfurt)<\/p>\n<p>Por favor, incluya su direcci\u00f3n al donar para que podamos enviarle un recibo de donaci\u00f3n.<\/p>\n<p>Inscrita en el Registro de Asociaciones de Fr\u00e1ncfort del Meno, n\u00ba VR 9422<\/p>\n<p>N\u00famero de identificaci\u00f3n fiscal 14 250 49879, Agencia Tributaria de Fr\u00e1ncfort del Meno (desde el 5 de julio de 2024; anteriormente n\u00famero de identificaci\u00f3n fiscal 47 250 62269)<\/p>\n<h2>Responsabilidad<\/h2>\n<p>Este sitio web se ha elaborado con el mayor cuidado posible. No obstante, no puede garantizarse la exactitud y precisi\u00f3n de la informaci\u00f3n aqu\u00ed contenida. Queda excluida toda responsabilidad por da\u00f1os derivados directa o indirectamente del uso de este sitio web, salvo que se basen en dolo o negligencia grave.<\/p>\n<p>Copyright TROPICA VERDE e.V., Frankfurt (Alemania). Todos los derechos reservados.<\/p>\n<p>Nos gustar\u00eda se\u00f1alar que algunas de las im\u00e1genes contenidas en los sitios web est\u00e1n sujetas a los derechos de autor de terceros, incluido el fot\u00f3grafo de naturaleza Stefan Rother, de <a href=\"http:\/\/www.faunity.ch\" target=\"_blank\" rel=\"noopener nofollow\">Faunity<\/a>.<\/p>\n<p>[\/et_pb_text][\/et_pb_column][et_pb_column type=\u00bb1_3&#8243; _builder_version=\u00bb4.16&#8243; custom_padding=\u00bb|||\u00bb global_colors_info=\u00bb{}\u00bb custom_padding__hover=\u00bb|||\u00bb][et_pb_text _builder_version=\u00bb4.16&#8243; background_size=\u00bbinitial\u00bb background_position=\u00bbtop_left\u00bb background_repeat=\u00bbrepeat\u00bb global_colors_info=\u00bb{}\u00bb]<\/p>\n<h2>Oficina de informaci\u00f3n de Fr\u00e1ncfort<\/h2>\n<p>Puede ponerse en contacto con nuestra oficina de informaci\u00f3n por correo electr\u00f3nico, correo postal o tel\u00e9fono.<\/p>\n<p>N<strong>uestro horario de oficina<\/strong> Martes de 10:00 - 15:00 Jueves de 12:30 - 17:30<\/p>\n<p>Para las visitas personales a la oficina de informaci\u00f3n, se recomienda concertar previamente una cita por correo electr\u00f3nico con el responsable de la oficina de informaci\u00f3n.<\/p>\n<p>La oficina de informaci\u00f3n se encuentra directamente en Frankfurt Westbahnhof y es f\u00e1cilmente accesible mediante varias l\u00edneas de transporte p\u00fablico.  <a href=\"http:\/\/www.rmv.de\/auskunft\/bin\/jp\/stboard.exe\/dn?ld=14.53&amp;input=3001204&amp;view=STATIONINFO&amp;maxJourneys=10&amp;start=1\" rel=\"nofollow noopener\" target=\"_blank\">Al planificador de rutas de transporte p\u00fablico RMV.<\/a><\/p>\n<p>[\/et_pb_text][et_pb_code _builder_version=\u00bb4.16&#8243; global_colors_info=\u00bb{}\u00bb]<iframe loading=\"lazy\" src=\"https:\/\/maps.google.de\/maps?f=q&amp;source=s_q&amp;hl=de&amp;geocode=&amp;q=Kasseler+Stra%C3%9Fe+1+a,+Frankfurt+am+Main&amp;aq=0&amp;oq=Kasseler+Stra%C3%9Fe+1+a&amp;sll=50.526531,9.004394&amp;sspn=6.748486,16.907959&amp;ie=UTF8&amp;hq=&amp;hnear=Kasseler+Stra%C3%9Fe+1A,+60486+Frankfurt+am+Main&amp;t=m&amp;z=14&amp;ll=50.12062,8.63815&amp;output=embed\" width=\"425\" height=\"350\" frameborder=\"0\" marginwidth=\"0\" marginheight=\"0\" scrolling=\"no\"><\/iframe>[\/et_pb_code][et_pb_code _builder_version=\u00bb4.16&#8243; global_colors_info=\u00bb{}\u00bb]<iframe id=\"twitter-widget-0\" class=\"twitter-follow-button twitter-follow-button-rendered\" style=\"position: static; visibility: visible; width: 171px; height: 28px;\" title=\"Bot\u00f3n de seguimiento de Twitter\" src=\"http:\/\/platform.twitter.com\/widgets\/follow_button.89bd237a86eeb0e8b1de842a4b88b09b.de.html#dnt=false&amp;id=twitter-widget-0&amp;lang=de&amp;screen_name=TropicaVerde&amp;show_count=false&amp;show_screen_name=true&amp;size=l&amp;time=1491212455623\" frameborder=\"0\" scrolling=\"no\" data-screen-name=\"TropicaVerde\"><\/iframe>[\/et_pb_code][\/et_pb_column][\/et_pb_row][\/et_pb_section]<\/p>\n","protected":false},"excerpt":{"rendered":"<p>P\u00f3ngase en contacto con nosotros TROPICA VERDE e.V. Asociaci\u00f3n para la protecci\u00f3n de los h\u00e1bitats tropicales Oficina de informaci\u00f3n en la \u00d6kohaus Despacho n\u00ba 361, 3\u00aa planta \/ este Kasseler Stra\u00dfe 1 A D-60486 Frankfurt am Main Tel\u00e9fono: +49 (0)69 75 15 50 Fax: +49 (0)69 75 21 82 Correo electr\u00f3nico:mail@tropica-verde.deWeb: www.tropica-verde.de Inscr\u00edbase si desea [&hellip;]<\/p>\n","protected":false},"author":2,"featured_media":0,"parent":0,"menu_order":32,"comment_status":"closed","ping_status":"closed","template":"","meta":{"_et_pb_use_builder":"on","_et_pb_old_content":"","_et_gb_content_width":"","inline_featured_image":false,"footnotes":""},"class_list":["post-5876","page","type-page","status-publish","hentry"],"_links":{"self":[{"href":"https:\/\/tropica-verde.de\/es\/wp-json\/wp\/v2\/pages\/5876","targetHints":{"allow":["GET"]}}],"collection":[{"href":"https:\/\/tropica-verde.de\/es\/wp-json\/wp\/v2\/pages"}],"about":[{"href":"https:\/\/tropica-verde.de\/es\/wp-json\/wp\/v2\/types\/page"}],"author":[{"embeddable":true,"href":"https:\/\/tropica-verde.de\/es\/wp-json\/wp\/v2\/users\/2"}],"replies":[{"embeddable":true,"href":"https:\/\/tropica-verde.de\/es\/wp-json\/wp\/v2\/comments?post=5876"}],"version-history":[{"count":13,"href":"https:\/\/tropica-verde.de\/es\/wp-json\/wp\/v2\/pages\/5876\/revisions"}],"predecessor-version":[{"id":246476,"href":"https:\/\/tropica-verde.de\/es\/wp-json\/wp\/v2\/pages\/5876\/revisions\/246476"}],"wp:attachment":[{"href":"https:\/\/tropica-verde.de\/es\/wp-json\/wp\/v2\/media?parent=5876"}],"curies":[{"name":"wp","href":"https:\/\/api.w.org\/{rel}","templated":true}]}}