{"id":5847,"date":"2021-10-26T11:48:41","date_gmt":"2021-10-26T09:48:41","guid":{"rendered":"https:\/\/neu.tropica-verde.de\/?page_id=5847"},"modified":"2025-02-25T04:37:24","modified_gmt":"2025-02-25T02:37:24","slug":"quienes-somos","status":"publish","type":"page","link":"https:\/\/tropica-verde.de\/es\/quienes-somos\/","title":{"rendered":"Qui\u00e9nes somos"},"content":{"rendered":"<p>[et_pb_section fb_built=\u00bb1&#8243; fullwidth=\u00bbon\u00bb _builder_version=\u00bb4.16&#8243; _module_preset=\u00bbdefault\u00bb min_height_tablet=\u00bb\u00bb min_height_phone=\u00bb\u00bb min_height_last_edited=\u00bbon|phone\u00bb saved_tabs=\u00bball\u00bb global_colors_info=\u00bb{}\u00bb][et_pb_fullwidth_header title=\u00bbQui\u00e9nes somos\u00bb _builder_version=\u00bb4.23.1&#8243; _module_preset=\u00bbdefault\u00bb title_font=\u00bb|800||on|||||\u00bb title_font_size=\u00bb70px\u00bb title_line_height=\u00bb0.8em\u00bb subhead_font=\u00bbSource Serif Pro Semibold||||||||\u00bb subhead_font_size=\u00bb36px\u00bb subhead_line_height=\u00bb1.2em\u00bb background_color=\u00bbrgba(0,13,53,0.24)\u00bb background_image=\u00bbhttps:\/\/tropica-verde.de\/wp-content\/uploads\/2022\/08\/finca_curre_bg.jpg\u00bb background_position=\u00bbtop_center\u00bb background_vertical_offset=\u00bb30%\u00bb background_blend=\u00bbmultiply\u00bb transform_translate_linked=\u00bboff\u00bb min_height=\u00bb464px\u00bb min_height_tablet=\u00bb\u00bb min_height_phone=\u00bb\u00bb min_height_last_edited=\u00bbon|desktop\u00bb custom_margin=\u00bb||||false|false\u00bb custom_padding=\u00bb180px||||false|false\u00bb custom_padding_tablet=\u00bb60px||||false|false\u00bb custom_padding_phone=\u00bb||||false|false\u00bb custom_padding_last_edited=\u00bbon|tablet\u00bb title_font_size_tablet=\u00bb56px\u00bb title_font_size_phone=\u00bb43px\u00bb title_font_size_last_edited=\u00bbon|desktop\u00bb subhead_font_size_tablet=\u00bb30px\u00bb subhead_font_size_phone=\u00bb24px\u00bb subhead_font_size_last_edited=\u00bbon|phone\u00bb global_colors_info=\u00bb{}\u00bb][\/et_pb_fullwidth_header][\/et_pb_section][et_pb_section fb_built=\u00bb1&#8243; _builder_version=\u00bb4.16&#8243; _module_preset=\u00bbdefault\u00bb background_color=\u00bbRGBA(0,0,0,0)\u00bb custom_padding=\u00bb||50px|||\u00bb global_colors_info=\u00bb{}\u00bb][et_pb_row column_structure=\u00bb1_2,1_2&#8243; _builder_version=\u00bb4.23.1&#8243; _module_preset=\u00bbdefault\u00bb width=\u00bb65%\u00bb width_tablet=\u00bbauto\u00bb width_phone=\u00bbauto\u00bb width_last_edited=\u00bbon|desktop\u00bb custom_padding=\u00bb0px||0px||false|false\u00bb global_colors_info=\u00bb{}\u00bb][et_pb_column type=\u00bb1_2&#8243; _builder_version=\u00bb4.16&#8243; _module_preset=\u00bbdefault\u00bb global_colors_info=\u00bb{}\u00bb][et_pb_text _builder_version=\u00bb4.23.1&#8243; _module_preset=\u00bbdefault\u00bb header_2_font=\u00bb|700|||||||\u00bb header_2_text_color=\u00bb#006B46&#8243; header_2_font_size=\u00bb36px\u00bb header_2_line_height=\u00bb1.1em\u00bb header_2_font_size_tablet=\u00bb30px\u00bb header_2_font_size_phone=\u00bb24px\u00bb header_2_font_size_last_edited=\u00bbon|phone\u00bb global_colors_info=\u00bb{}\u00bb]<\/p>\n<h2>Nuestra misi\u00f3n<\/h2>\n<p>TROPICA VERDE e.V. est\u00e1 comprometida con la conservaci\u00f3n de los h\u00e1bitats tropicales, la preservaci\u00f3n de la biodiversidad y la protecci\u00f3n de las especies amenazadas. En Costa Rica se llevan a cabo proyectos espec\u00edficos de conservaci\u00f3n que van acompa\u00f1ados de medidas educativas tanto en Costa Rica como en Alemania. El objetivo de la labor educativa es concienciar a la poblaci\u00f3n, y especialmente a los ni\u00f1os, sobre la protecci\u00f3n sostenible del medio ambiente y la biodiversidad. El \u00e9xito de la ejecuci\u00f3n de nuestros proyectos y nuestra labor educativa se basa en una cooperaci\u00f3n transparente, de confianza y a largo plazo con los agentes locales sobre el terreno.<\/p>\n<p>Seg\u00fan nuestros miembros, Tropica Verde es reconocida sobre todo -pero por supuesto no s\u00f3lo- por su <strong><a href=\"https:\/\/tropica-verde.de\/es\/lo-que-hace-especial-a-la-asociacion\/\" target=\"_blank\" rel=\"noopener\">experiencia, autenticidad, enfoque <\/a><\/strong>y<a href=\"https:\/\/tropica-verde.de\/es\/lo-que-hace-especial-a-la-asociacion\/\" target=\"_blank\" rel=\"noopener\"><\/a><strong><a href=\"https:\/\/tropica-verde.de\/es\/lo-que-hace-especial-a-la-asociacion\/\" target=\"_blank\" rel=\"noopener\"> transparencia<\/a><\/strong> \u00a1una organizaci\u00f3n especial!<\/p>\n<p>&nbsp;<\/p>\n<p>[\/et_pb_text][\/et_pb_column][et_pb_column type=\u00bb1_2&#8243; _builder_version=\u00bb4.16&#8243; _module_preset=\u00bbdefault\u00bb global_colors_info=\u00bb{}\u00bb][et_pb_image src=\u00bbhttps:\/\/tropica-verde.de\/wp-content\/uploads\/2022\/09\/logo_tp_gr.png\u00bb alt=\u00bbEl peque\u00f1o oso hormiguero, llamado Tamandua, est\u00e1 siempre al acecho de los nidos de hormigas cuyos habitantes lame con su larga lengua.\u00bb title_text=\u00bblogo_tp_gr\u00bb align=\u00bbcenter\u00bb _builder_version=\u00bb4.16&#8243; _module_preset=\u00bbdefault\u00bb min_height=\u00bb252px\u00bb max_height=\u00bb304px\u00bb custom_margin=\u00bb||1px|||\u00bb custom_padding=\u00bb||6px|||\u00bb global_colors_info=\u00bb{}\u00bb][\/et_pb_image][\/et_pb_column][\/et_pb_row][\/et_pb_section][et_pb_section fb_built=\u00bb1&#8243; custom_padding_last_edited=\u00bbon|tablet\u00bb _builder_version=\u00bb4.23.1&#8243; _module_preset=\u00bbdefault\u00bb background_color=\u00bbRGBA(255,255,255,0)\u00bb background_image=\u00bbhttps:\/\/tropica-verde.de\/wp-content\/uploads\/2023\/05\/Website_Layout_leer.png\u00bb background_position=\u00bbtop_center\u00bb custom_margin_last_edited=\u00bboff|desktop\u00bb custom_padding=\u00bb100px||100px||false|false\u00bb custom_padding_tablet=\u00bb0px||0px||false|false\u00bb custom_padding_phone=\u00bb0px||0px||false|false\u00bb background_color_tablet=\u00bbRGBA(255,255,255,0)\u00bb background_last_edited=\u00bbon|phone\u00bb background_enable_color_tablet=\u00bbon\u00bb background_enable_image_tablet=\u00bboff\u00bb global_colors_info=\u00bb{}\u00bb][et_pb_row column_structure=\u00bb1_2,1_4,1_4&#8243; module_id=\u00bbsdgs\u00bb _builder_version=\u00bb4.23.1&#8243; _module_preset=\u00bbdefault\u00bb custom_css_main_element=\u00bbdisplay: flex;||flex-align: center;\u00bb global_colors_info=\u00bb{}\u00bb][et_pb_column type=\u00bb1_2&#8243; _builder_version=\u00bb4.23.1&#8243; _module_preset=\u00bbdefault\u00bb background_color=\u00bbRGBA(255,255,255,0)\u00bb custom_padding=\u00bb0px|50px|0px||false|false\u00bb custom_padding_tablet=\u00bb50px|0px|50px||false|false\u00bb custom_padding_phone=\u00bb50px|0px|50px||false|false\u00bb custom_padding_last_edited=\u00bbon|phone\u00bb background_color_tablet=\u00bb#59a3aa\u00bb background_last_edited=\u00bbon|tablet\u00bb background_enable_color_tablet=\u00bbon\u00bb custom_css_main_element=\u00bb  display: flex;||  align-items: center;\u00bb global_colors_info=\u00bb{}\u00bb][et_pb_text _builder_version=\u00bb4.27.4&#8243; _module_preset=\u00bbdefault\u00bb text_text_color=\u00bb#ffffff\u00bb header_font_size=\u00bb32px\u00bb header_2_text_color=\u00bb#ffffff\u00bb header_2_font_size=\u00bb36px\u00bb hover_enabled=\u00bb0&#8243; header_2_font_size_tablet=\u00bb30px\u00bb header_2_font_size_phone=\u00bb24px\u00bb header_2_font_size_last_edited=\u00bbon|phone\u00bb global_colors_info=\u00bb{}\u00bb module_id=\u00bb#sdgs\u00bb sticky_enabled=\u00bb0&#8243;]<\/p>\n<h2><a href=\"https:\/\/17ziele.de\/\" rel=\"nofollow noopener\" target=\"_blank\">17 Objetivos de sostenibilidad<\/a><\/h2>\n<p>El trabajo de Tropica Verde est\u00e1 orientado hacia los <strong><a href=\"https:\/\/17ziele.de\/\" rel=\"nofollow noopener\" target=\"_blank\">Objetivos de Desarrollo Sostenible (ODS)<\/a> <\/strong>de las Naciones Unidas. Los objetivos sirven para garantizar el desarrollo sostenible a nivel econ\u00f3mico, ecol\u00f3gico y social en todo el mundo. Entraron en vigor en 2016 y tienen una vigencia de 15 a\u00f1os, es decir, hasta 2030.<\/p>\n<p>Tropica Verde persigue la consecuci\u00f3n de cuatro ODS fundamentales con sus proyectos:<\/p>\n<ul>\n<li>ODS 12: Consumo y producci\u00f3n sostenibles<\/li>\n<li>ODS 13: Acci\u00f3n por el clima<\/li>\n<li>ODS 14: La vida bajo el agua<\/li>\n<li>ODS 15: La vida en la tierra<\/li>\n<\/ul>\n<p>&nbsp;<\/p>\n<p>La base de nuestro trabajo y de cada proyecto es siempre<\/p>\n<ul>\n<li>ODS 4: Educaci\u00f3n de calidad.<\/li>\n<\/ul>\n<p>Por lo tanto, cada proyecto incluye aspectos educativos en el sentido de <a href=\"https:\/\/tropica-verde.de\/es\/educacion-para-el-desarrollo-sostenible\/\"><strong>Educaci\u00f3n para el Desarrollo Sostenible<\/strong><\/a>.<\/p>\n<p>[\/et_pb_text][\/et_pb_column][et_pb_column type=\u00bb1_4&#8243; _builder_version=\u00bb4.23.1&#8243; _module_preset=\u00bbdefault\u00bb global_colors_info=\u00bb{}\u00bb][et_pb_image src=\u00bbhttps:\/\/tropica-verde.de\/wp-content\/uploads\/2023\/05\/SDG-icon-DE-12.jpg\u00bb title_text=\u00bbIcono SDG-DE-12&#8243; _builder_version=\u00bb4.16&#8243; _module_preset=\u00bbdefault\u00bb global_colors_info=\u00bb{}\u00bb][\/et_pb_image][et_pb_image src=\u00bbhttps:\/\/tropica-verde.de\/wp-content\/uploads\/2023\/05\/SDG-icon-DE-14.jpg\u00bb title_text=\u00bbSDG-icono-DE-14&#8243; _builder_version=\u00bb4.16&#8243; _module_preset=\u00bbdefault\u00bb global_colors_info=\u00bb{}\u00bb][\/et_pb_image][et_pb_image src=\u00bbhttps:\/\/tropica-verde.de\/wp-content\/uploads\/2023\/05\/SDG-icon-DE-04.jpg\u00bb alt=\u00bbODS 4&#8243; title_text=\u00bbSDG-icono-DE-04&#8243; _builder_version=\u00bb4.27.4&#8243; _module_preset=\u00bbdefault\u00bb global_colors_info=\u00bb{}\u00bb][\/et_pb_image][\/et_pb_column][et_pb_column type=\u00bb1_4&#8243; _builder_version=\u00bb4.16&#8243; _module_preset=\u00bbdefault\u00bb global_colors_info=\u00bb{}\u00bb][et_pb_image src=\u00bbhttps:\/\/tropica-verde.de\/wp-content\/uploads\/2023\/05\/SDG_LOGONonUN_DE_partner.png\u00bb title_text=\u00bbSDG_LOGO#NonUN#_EN_partner\u00bb force_fullwidth=\u00bbon\u00bb _builder_version=\u00bb4.27.4&#8243; _module_preset=\u00bbdefault\u00bb global_colors_info=\u00bb{}\u00bb][\/et_pb_image][et_pb_image src=\u00bbhttps:\/\/tropica-verde.de\/wp-content\/uploads\/2023\/05\/SDG-icon-DE-13.jpg\u00bb title_text=\u00bbSDG-icono-DE-13&#8243; _builder_version=\u00bb4.16&#8243; _module_preset=\u00bbdefault\u00bb global_colors_info=\u00bb{}\u00bb][\/et_pb_image][et_pb_image src=\u00bbhttps:\/\/tropica-verde.de\/wp-content\/uploads\/2023\/05\/SDG-icon-DE-15.jpg\u00bb title_text=\u00bbSDG-icono-DE-15&#8243; force_fullwidth=\u00bbon\u00bb _builder_version=\u00bb4.16&#8243; _module_preset=\u00bbdefault\u00bb global_colors_info=\u00bb{}\u00bb][\/et_pb_image][\/et_pb_column][\/et_pb_row][\/et_pb_section][et_pb_section fb_built=\u00bb1&#8243; _builder_version=\u00bb4.16&#8243; _module_preset=\u00bbdefault\u00bb custom_padding=\u00bb2px||4px|||\u00bb global_colors_info=\u00bb{}\u00bb][et_pb_row _builder_version=\u00bb4.16&#8243; _module_preset=\u00bbdefault\u00bb custom_padding=\u00bb3px|||||\u00bb global_colors_info=\u00bb{}\u00bb][et_pb_column type=\u00bb4_4&#8243; _builder_version=\u00bb4.16&#8243; _module_preset=\u00bbdefault\u00bb global_colors_info=\u00bb{}\u00bb][et_pb_divider show_divider=\u00bboff\u00bb _builder_version=\u00bb4.16&#8243; _module_preset=\u00bbdefault\u00bb global_colors_info=\u00bb{}\u00bb][\/et_pb_divider][\/et_pb_column][\/et_pb_row][\/et_pb_section][et_pb_section fb_built=\u00bb1&#8243; _builder_version=\u00bb4.27.4&#8243; _module_preset=\u00bbdefault\u00bb background_color=\u00bb#E9EEE8&#8243; min_height=\u00bb95.6px\u00bb global_colors_info=\u00bb{}\u00bb][et_pb_row _builder_version=\u00bb4.16&#8243; _module_preset=\u00bbdefault\u00bb global_colors_info=\u00bb{}\u00bb][et_pb_column type=\u00bb4_4&#8243; _builder_version=\u00bb4.16&#8243; _module_preset=\u00bbdefault\u00bb global_colors_info=\u00bb{}\u00bb][et_pb_text _builder_version=\u00bb4.16&#8243; _module_preset=\u00bbdefault\u00bb header_font=\u00bb|600|||||||\u00bb header_text_color=\u00bb#105427&#8243; header_2_font=\u00bb|700|||||||\u00bb header_2_font_size=\u00bb40px\u00bb header_2_line_height=\u00bb1.1em\u00bb global_colors_info=\u00bb{}\u00bb]<\/p>\n<h2><strong>Tropica Verde en movimiento: \u00a1Descubre nuestra asociaci\u00f3n en el v\u00eddeo!<\/strong><\/h2>\n<p>[\/et_pb_text][\/et_pb_column][\/et_pb_row][\/et_pb_section][et_pb_section fb_built=\u00bb1&#8243; _builder_version=\u00bb4.27.4&#8243; _module_preset=\u00bbdefault\u00bb background_color=\u00bb#E9EEE8&#8243; custom_margin=\u00bb-88px|||||\u00bb custom_padding=\u00bb||0px|||\u00bb global_colors_info=\u00bb{}\u00bb][et_pb_row _builder_version=\u00bb4.27.4&#8243; _module_preset=\u00bbdefault\u00bb custom_padding=\u00bb0px|||||\u00bb global_colors_info=\u00bb{}\u00bb][et_pb_column type=\u00bb4_4&#8243; _builder_version=\u00bb4.27.4&#8243; _module_preset=\u00bbdefault\u00bb global_colors_info=\u00bb{}\u00bb][et_pb_video_slider _builder_version=\u00bb4.27.4&#8243; _module_preset=\u00bbdefault\u00bb custom_padding=\u00bb0px|||||\u00bb global_colors_info=\u00bb{}\u00bb][et_pb_video_slider_item src=\u00bbhttps:\/\/www.youtube.com\/watch?v=zIJSupP58dc\u00bb _builder_version=\u00bb4.27.4&#8243; _module_preset=\u00bbdefault\u00bb global_colors_info=\u00bb{}\u00bb show_image_overlay=\u00bboff\u00bb][\/et_pb_video_slider_item][et_pb_video_slider_item src=\u00bbhttps:\/\/www.youtube.com\/watch?v=q1_AzASF2zI&amp;t=22s\u00bb _builder_version=\u00bb4.27.4&#8243; _module_preset=\u00bbdefault\u00bb global_colors_info=\u00bb{}\u00bb show_image_overlay=\u00bboff\u00bb][\/et_pb_video_slider_item][\/et_pb_video_slider][\/et_pb_column][\/et_pb_row][\/et_pb_section][et_pb_section fb_built=\u00bb1&#8243; fullwidth=\u00bbon\u00bb admin_label=\u00bbCall to Action\u00bb _builder_version=\u00bb4.16&#8243; animation_style=\u00bbslide\u00bb animation_direction=\u00bbbottom\u00bb animation_intensity_slide=\u00bb6%\u00bb animation_starting_opacity=\u00bb100%\u00bb locked=\u00bboff\u00bb global_colors_info=\u00bb{}\u00bb][et_pb_fullwidth_header title=\u00bbAyudar en lugar de quejarse\u00bb subhead=\u00bbApoye la selva tropical con su donativo o h\u00e1gase socio de la organizaci\u00f3n\u00bb text_orientation=\u00bbcenter\u00bb button_one_text=\u00bbDONAR AHORA\u00bb button_one_url=\u00bbhttps:\/\/tropica-verde.de\/es\/ayudardonar\/donaciones\/\u00bb button_two_text=\u00bbH\u00c1GASE SOCIO\u00bb button_two_url=\u00bbhttps:\/\/tropica-verde.de\/es\/ayudardonar\/afiliarse\/\u00bb content_max_width=\u00bb800px\u00bb _builder_version=\u00bb4.23.1&#8243; title_level=\u00bbh2&#8243; title_font=\u00bb|700|||||||\u00bb title_text_color=\u00bb#006B46&#8243; title_font_size=\u00bb60px\u00bb title_line_height=\u00bb1.2em\u00bb content_font=\u00bbSource Sans 3||||||||\u00bb content_font_size=\u00bb20px\u00bb content_line_height=\u00bb1.8em\u00bb subhead_font=\u00bb||||||||\u00bb subhead_text_color=\u00bb#555858&#8243; subhead_font_size=\u00bb28px\u00bb subhead_line_height=\u00bb1.5em\u00bb background_color=\u00bbrgba(255, 255, 255, 0)\u00bb background_color_gradient_direction=\u00bb90deg\u00bb background_image=\u00bbhttps:\/\/tropica-verde.de\/wp-content\/uploads\/2022\/08\/footer_bg.png\u00bb button_one_text_size=\u00bb26px\u00bb button_one_text_color=\u00bb#ffffff\u00bb button_one_bg_color=\u00bb#ff6a09&#8243; button_one_border_width=\u00bb1px\u00bb button_one_border_color=\u00bb#ff6a09&#8243; button_one_border_radius=\u00bb15px\u00bb button_one_letter_spacing=\u00bb1px\u00bb button_two_text_size=\u00bb26px\u00bb button_two_text_color=\u00bb#555858&#8243; button_two_bg_color=\u00bb#ffffff\u00bb button_two_border_width=\u00bb1px\u00bb button_two_border_radius=\u00bb15px\u00bb min_height=\u00bb542.8px\u00bb custom_margin=\u00bb|||\u00bb custom_padding=\u00bb4.6%||5.8%|||\u00bb animation_style=\u00bbfade\u00bb title_font_size_tablet=\u00bb48px\u00bb title_font_size_phone=\u00bb36px\u00bb title_font_size_last_edited=\u00bbon|phone\u00bb custom_css_subtitle=\u00bbfont-family: &#8216;Source Sans 3 Bold&#8217;!important;||  \u00bb button_one_letter_spacing_hover=\u00bb1px\u00bb button_two_letter_spacing_hover=\u00bb1px\u00bb global_colors_info=\u00bb{}\u00bb button_one_text_size__hover_enabled=\u00bboff\u00bb button_one_text_color__hover_enabled=\u00bboff\u00bb button_one_border_width__hover_enabled=\u00bboff\u00bb button_one_border_color__hover_enabled=\u00bboff\u00bb button_one_border_radius__hover_enabled=\u00bboff\u00bb button_one_letter_spacing__hover_enabled=\u00bbon|desktop\u00bb button_one_letter_spacing__hover=\u00bb1px\u00bb button_one_bg_color__hover_enabled=\u00bboff\u00bb button_two_letter_spacing__hover=\u00bb\u00bb button_two_letter_spacing__hover_enabled=\u00bbon|desktop\u00bb][\/et_pb_fullwidth_header][\/et_pb_section]<\/p>\n","protected":false},"excerpt":{"rendered":"<p>Nuestra misi\u00f3n TROPICA VERDE e.V. est\u00e1 comprometida con la conservaci\u00f3n de los h\u00e1bitats tropicales, la preservaci\u00f3n de la biodiversidad y la protecci\u00f3n de las especies amenazadas. En Costa Rica se llevan a cabo proyectos espec\u00edficos de conservaci\u00f3n que van acompa\u00f1ados de medidas educativas tanto en Costa Rica como en Alemania. El objetivo de la labor [&hellip;]<\/p>\n","protected":false},"author":2,"featured_media":0,"parent":0,"menu_order":32,"comment_status":"closed","ping_status":"closed","template":"","meta":{"_et_pb_use_builder":"on","_et_pb_old_content":"","_et_gb_content_width":"","inline_featured_image":false,"footnotes":""},"class_list":["post-5847","page","type-page","status-publish","hentry"],"_links":{"self":[{"href":"https:\/\/tropica-verde.de\/es\/wp-json\/wp\/v2\/pages\/5847","targetHints":{"allow":["GET"]}}],"collection":[{"href":"https:\/\/tropica-verde.de\/es\/wp-json\/wp\/v2\/pages"}],"about":[{"href":"https:\/\/tropica-verde.de\/es\/wp-json\/wp\/v2\/types\/page"}],"author":[{"embeddable":true,"href":"https:\/\/tropica-verde.de\/es\/wp-json\/wp\/v2\/users\/2"}],"replies":[{"embeddable":true,"href":"https:\/\/tropica-verde.de\/es\/wp-json\/wp\/v2\/comments?post=5847"}],"version-history":[{"count":60,"href":"https:\/\/tropica-verde.de\/es\/wp-json\/wp\/v2\/pages\/5847\/revisions"}],"predecessor-version":[{"id":246622,"href":"https:\/\/tropica-verde.de\/es\/wp-json\/wp\/v2\/pages\/5847\/revisions\/246622"}],"wp:attachment":[{"href":"https:\/\/tropica-verde.de\/es\/wp-json\/wp\/v2\/media?parent=5847"}],"curies":[{"name":"wp","href":"https:\/\/api.w.org\/{rel}","templated":true}]}}