{"id":244709,"date":"2024-07-20T00:37:34","date_gmt":"2024-07-19T22:37:34","guid":{"rendered":"https:\/\/tropica-verde.de\/quienes-somos\/transparencia\/"},"modified":"2024-07-20T00:41:26","modified_gmt":"2024-07-19T22:41:26","slug":"transparencia","status":"publish","type":"page","link":"https:\/\/tropica-verde.de\/es\/quienes-somos\/transparencia\/","title":{"rendered":"Transparencia"},"content":{"rendered":"<p>[et_pb_section fb_built=\u00bb1&#8243; fullwidth=\u00bbon\u00bb _builder_version=\u00bb4.16&#8243; _module_preset=\u00bbdefault\u00bb min_height_tablet=\u00bb\u00bb min_height_phone=\u00bb\u00bb min_height_last_edited=\u00bbon|phone\u00bb saved_tabs=\u00bball\u00bb global_colors_info=\u00bb{}\u00bb][et_pb_fullwidth_header title=\u00bbTransparencia\u00bb subhead=\u00bbseg\u00fan la Iniciativa Sociedad Civil Transparente (ITZ)\u00bb _builder_version=\u00bb4.23.1&#8243; _module_preset=\u00bbdefault\u00bb title_font=\u00bb|800||on|||||\u00bb title_font_size=\u00bb70px\u00bb title_line_height=\u00bb0.8em\u00bb subhead_font=\u00bbSource Serif Pro Semibold||||||||\u00bb subhead_font_size=\u00bb36px\u00bb subhead_line_height=\u00bb1.2em\u00bb background_color=\u00bbrgba(0,13,53,0.24)\u00bb background_image=\u00bbhttps:\/\/tropica-verde.de\/wp-content\/uploads\/2023\/01\/Arenal-Vulka-Arenal-mit-Regenbogen-\u00a9-Stefan-Rother-Faunity-1024&#215;639-1.jpg\u00bb background_position=\u00bbbottom_center\u00bb background_vertical_offset=\u00bb30%\u00bb background_blend=\u00bbmultiply\u00bb transform_translate_linked=\u00bboff\u00bb min_height=\u00bb464px\u00bb min_height_tablet=\u00bb\u00bb min_height_phone=\u00bb\u00bb min_height_last_edited=\u00bbon|desktop\u00bb custom_margin=\u00bb||||false|false\u00bb custom_padding=\u00bb180px||||false|false\u00bb custom_padding_tablet=\u00bb60px||||false|false\u00bb custom_padding_phone=\u00bb||||false|false\u00bb custom_padding_last_edited=\u00bbon|tablet\u00bb title_font_size_tablet=\u00bb56px\u00bb title_font_size_phone=\u00bb43px\u00bb title_font_size_last_edited=\u00bbon|desktop\u00bb subhead_font_size_tablet=\u00bb30px\u00bb subhead_font_size_phone=\u00bb24px\u00bb subhead_font_size_last_edited=\u00bbon|phone\u00bb global_colors_info=\u00bb{}\u00bb][\/et_pb_fullwidth_header][\/et_pb_section][et_pb_section fb_built=\u00bb1&#8243; _builder_version=\u00bb4.16&#8243; _module_preset=\u00bbdefault\u00bb background_color=\u00bbRGBA(0,0,0,0)\u00bb custom_padding=\u00bb||50px|||\u00bb global_colors_info=\u00bb{}\u00bb][et_pb_row column_structure=\u00bb1_2,1_2&#8243; _builder_version=\u00bb4.23.1&#8243; _module_preset=\u00bbdefault\u00bb width=\u00bb65%\u00bb width_tablet=\u00bbauto\u00bb width_phone=\u00bbauto\u00bb width_last_edited=\u00bbon|desktop\u00bb custom_padding=\u00bb0px||0px||false|false\u00bb global_colors_info=\u00bb{}\u00bb][et_pb_column type=\u00bb1_2&#8243; _builder_version=\u00bb4.16&#8243; _module_preset=\u00bbdefault\u00bb global_colors_info=\u00bb{}\u00bb][et_pb_text _builder_version=\u00bb4.23.1&#8243; _module_preset=\u00bbdefault\u00bb header_2_font=\u00bb|700|||||||\u00bb header_2_text_color=\u00bb#006B46&#8243; header_2_font_size=\u00bb36px\u00bb header_2_line_height=\u00bb1.1em\u00bb header_2_font_size_tablet=\u00bb30px\u00bb header_2_font_size_phone=\u00bb24px\u00bb header_2_font_size_last_edited=\u00bbon|phone\u00bb global_colors_info=\u00bb{}\u00bb]<\/p>\n<h2>Tropica Verde y el compromiso voluntario de transparencia conforme a los requisitos de la ITZ<\/h2>\n<p>La confianza y la transparencia son factores decisivos para nuestro trabajo. Por ello, TROPICA VERDE apoya los requisitos de transparencia de la <strong>\u00abInitiative Transparente Zivilgesellschaft (ITZ)\u00bb<\/strong> con el <a href=\"https:\/\/www.transparency.de\/ueber-uns\/transparenz\" rel=\"nofollow noopener\" target=\"_blank\">compromiso voluntario<\/a> de publicar la informaci\u00f3n requerida de forma transparente de acuerdo con las directrices de la ITZ. <\/p>\n<p>[\/et_pb_text][\/et_pb_column][et_pb_column type=\u00bb1_2&#8243; _builder_version=\u00bb4.16&#8243; _module_preset=\u00bbdefault\u00bb global_colors_info=\u00bb{}\u00bb][et_pb_image src=\u00bbhttps:\/\/tropica-verde.de\/wp-content\/uploads\/2017\/04\/ITZ-Logo.jpg\u00bb alt=\u00bbEl peque\u00f1o oso hormiguero, llamado Tamandua, est\u00e1 siempre al acecho de los nidos de hormigas cuyos habitantes lame con su larga lengua.\u00bb title_text=\u00bbLogo ITZ\u00bb align=\u00bbcenter\u00bb _builder_version=\u00bb4.23.1&#8243; _module_preset=\u00bbdefault\u00bb min_height=\u00bb252px\u00bb max_height=\u00bb304px\u00bb custom_margin=\u00bb||1px|2px||\u00bb custom_padding=\u00bb||6px|||\u00bb global_colors_info=\u00bb{}\u00bb][\/et_pb_image][\/et_pb_column][\/et_pb_row][\/et_pb_section][et_pb_section fb_built=\u00bb1&#8243; custom_padding_last_edited=\u00bbon|tablet\u00bb _builder_version=\u00bb4.23.1&#8243; custom_padding=\u00bb100px||100px||false|false\u00bb custom_padding_tablet=\u00bb50px||50px||false|false\u00bb custom_padding_phone=\u00bb50px||50px||false|false\u00bb global_colors_info=\u00bb{}\u00bb][et_pb_row _builder_version=\u00bb4.23.1&#8243; background_size=\u00bbinitial\u00bb background_position=\u00bbtop_left\u00bb background_repeat=\u00bbrepeat\u00bb custom_padding=\u00bb0px||0px||false|false\u00bb global_colors_info=\u00bb{}\u00bb][et_pb_column type=\u00bb4_4&#8243; _builder_version=\u00bb4.16&#8243; custom_padding=\u00bb|||\u00bb global_colors_info=\u00bb{}\u00bb custom_padding__hover=\u00bb|||\u00bb][et_pb_text _builder_version=\u00bb4.23.1&#8243; border_style=\u00bbsolid\u00bb global_colors_info=\u00bb{}\u00bb]<\/p>\n<p>En el sitio web de <a href=\"https:\/\/www.transparente-zivilgesellschaft.de\/\" rel=\"nofollow noopener\" target=\"_blank\"> Transparency International Deutschland e.V. <\/a> puede encontrar <strong>informaci\u00f3n general sobre la ITZ<\/strong> y las instituciones que apoyan la iniciativa, as\u00ed como <strong>descargar las directrices<\/strong>. La <a href=\"https:\/\/tropica-verde.de\/es\/quienes-somos\/dzi-sello-de-certificacion\/\">DZI<\/a> es tambi\u00e9n una de las instituciones de apoyo del ITZ y ya ha incorporado <strong>gran parte de los requisitos<\/strong> de las directrices del ITZ a los requisitos para la concesi\u00f3n del sello de donaci\u00f3n.<\/p>\n<p>Por ello, la informaci\u00f3n ya disponible en nuestro sitio web como <strong>parte del sello de aprobaci\u00f3n<\/strong> de la donaci\u00f3n significa que esencialmente <strong>llevamos a\u00f1os<\/strong> cumpliendo <strong>los requisitos de la ZIF<\/strong>. Firmar la declaraci\u00f3n de compromiso es, por tanto, un paso l\u00f3gico y coherente para TROPICA VERDE en t\u00e9rminos de <strong>transparencia total<\/strong> de nuestra organizaci\u00f3n.<\/p>\n<p>&nbsp;<\/p>\n<h3>1. nombre, domicilio social, direcci\u00f3n y a\u00f1o de fundaci\u00f3n<\/h3>\n<ul>\n<li><a href=\"http:\/\/www.tropica-verde.de\/kontakt\/\">nombre, domicilio social, direcci\u00f3n<\/a><\/li>\n<li>Fundada en 1989<\/li>\n<li>Inscrita en el Registro de Asociaciones del Juzgado Municipal de Fr\u00e1ncfort del Meno, n\u00ba 9422<\/li>\n<\/ul>\n<h3>2. estatutos completos e informaci\u00f3n sobre los objetivos de nuestro<\/h3>\n<ul>\n<li>Organizaci\u00f3n sobre los <a href=\"http:\/\/www.tropica-verde.de\/ueber-uns\/satzung\/\">estatutos<\/a>, nuestros objetivos y \u00e1reas tem\u00e1ticas (art\u00edculo 2 de los estatutos)<\/li>\n<\/ul>\n<h3>3. informaci\u00f3n sobre ventajas fiscales<\/h3>\n<ul>\n<li>\n<p>Estamos registrados para el fomento de la protecci\u00f3n del medio ambiente, la educaci\u00f3n p\u00fablica, el entendimiento internacional y el asesoramiento al consumidor mediante certificado de la oficina tributaria de Fr\u00e1ncfort del Meno V-H\u00f6chst, StNr. 47 250 62269, con fecha de 28.11.2023 y reconocida como organizaci\u00f3n sin \u00e1nimo de lucro seg\u00fan la \u00faltima notificaci\u00f3n de exenci\u00f3n que recibimos de la oficina tributaria V-H\u00f6chst de Fr\u00e1ncfort del Meno, StNr. 47 250 62269, de 28 de noviembre de 2023, para los a\u00f1os 2020 a 2022, de conformidad con el apartado 5 del art\u00edculo 5. La empresa est\u00e1 exenta del impuesto de sociedades seg\u00fan el art\u00edculo 1 n\u00ba 9 de la Ley alemana del Impuesto de Sociedades y del impuesto sobre actividades econ\u00f3micas seg\u00fan el art\u00edculo 3 n\u00ba 6 de la Ley alemana del Impuesto sobre Actividades Econ\u00f3micas. A partir del 05.07.2024 el StNr. ser\u00e1 14 250 49879, Agencia Tributaria de Fr\u00e1ncfort del Meno.<\/p>\n<\/li>\n<\/ul>\n<h3>4. nombre y funci\u00f3n de los principales responsables de la toma de decisiones<\/h3>\n<ul>\n<li>al <a href=\"http:\/\/www.tropica-verde.de\/ueber-uns\/berichte\/\">informe anual<\/a> (desde 2010, anexo 3 de los informes de auditor\u00eda de caja)<\/li>\n<\/ul>\n<h3>5\u00ba informe de actividades<\/h3>\n<ul>\n<li>al <a href=\"https:\/\/tropica-verde.de\/es\/quienes-somos\/descargas\/\">informe anual<\/a><\/li>\n<\/ul>\n<h3>6. estructura del personal<\/h3>\n<ul>\n<li>al <a href=\"http:\/\/www.tropica-verde.de\/wp-content\/uploads\/2017\/07\/20130826_Organigramm_Satzung_20110410.jpg\" target=\"_blank\" rel=\"noopener noreferrer\">organigrama<\/a><\/li>\n<\/ul>\n<h3>7. informaci\u00f3n sobre el origen de los fondos<\/h3>\n<ul>\n<li>a los <a href=\"http:\/\/www.tropica-verde.de\/ueber-uns\/downloads\/\">estados financieros anuales<\/a> actuales <a href=\"http:\/\/www.tropica-verde.de\/ueber-uns\/downloads\/\">y al informe financiero<\/a><\/li>\n<\/ul>\n<h3>8. informaci\u00f3n sobre la utilizaci\u00f3n de los fondos<\/h3>\n<ul>\n<li>al <a href=\"http:\/\/www.tropica-verde.de\/ueber-uns\/downloads\/\" target=\"_blank\" rel=\"noopener noreferrer\">informe de actividad<\/a> actual<\/li>\n<\/ul>\n<h3>9. afiliaci\u00f3n corporativa con terceros<\/h3>\n<ul>\n<li>No existen v\u00ednculos corporativos con terceros.<br \/>\nTROPICA VERDE es independiente y aut\u00f3noma. <br \/>La propia TROPICA VERDE es miembro de BioFrankfurt e.V., la Environmental Paper Network (EPN) y la Development Policy Network Hessen e.V. (EPN Hessen).<br \/>\nConsulta nuestra informaci\u00f3n adicional sobre estas organizaciones en la pesta\u00f1a <a href=\"\">Socios<\/a>. <\/li>\n<\/ul>\n<h3>10. pagos anuales que supongan m\u00e1s del 10 % del presupuesto anual total<\/h3>\n<ul>\n<li>\n<p>A excepci\u00f3n de las donaciones de dos legados de particulares (39% y 6,7% de los ingresos totales), los importes individuales de las donaciones son cada uno inferiores al 5% de los ingresos totales, con un valor medio del 1,3%.<\/p>\n<\/li>\n<li>\n<p><span style=\"font-size: 17px;\">Las subvenciones estatales no vinculadas ascendieron al 5,7%. Una subvenci\u00f3n asignada de una fundaci\u00f3n contribuye con un 1,5% a los ingresos. No recibimos ninguna donaci\u00f3n de otras personas jur\u00eddicas o empresas.<\/span><\/p>\n<p><em>Para m\u00e1s detalles sobre las finanzas y actividades de Tropica Verde e.V., consulta el <a href=\"https:\/\/tropica-verde.de\/es\/quienes-somos\/descargas\/\">informe financiero para 2023<\/a>, disponible en Descargas<\/em><\/p>\n<\/li>\n<\/ul>\n<p>[\/et_pb_text][\/et_pb_column][\/et_pb_row][\/et_pb_section][et_pb_section fb_built=\u00bb1&#8243; fullwidth=\u00bbon\u00bb admin_label=\u00bbCall to Action\u00bb _builder_version=\u00bb4.16&#8243; animation_style=\u00bbslide\u00bb animation_direction=\u00bbbottom\u00bb animation_intensity_slide=\u00bb6%\u00bb animation_starting_opacity=\u00bb100%\u00bb global_module=\u00bb244008&#8243; locked=\u00bboff\u00bb global_colors_info=\u00bb{}\u00bb][et_pb_fullwidth_header title=\u00bbAyudar en lugar de quejarse\u00bb subhead=\u00bbApoye la selva tropical con su donativo o h\u00e1gase socio de la organizaci\u00f3n\u00bb text_orientation=\u00bbcenter\u00bb button_one_text=\u00bbDONAR AHORA\u00bb button_one_url=\u00bbhttps:\/\/tropica-verde.de\/es\/ayudardonar\/donaciones\/\u00bb button_two_text=\u00bbH\u00c1GASE SOCIO\u00bb button_two_url=\u00bbhttps:\/\/tropica-verde.de\/es\/ayudardonar\/afiliarse\/\u00bb content_max_width=\u00bb800px\u00bb _builder_version=\u00bb4.23.1&#8243; title_level=\u00bbh2&#8243; title_font=\u00bb|700|||||||\u00bb title_text_color=\u00bb#006B46&#8243; title_font_size=\u00bb60px\u00bb title_line_height=\u00bb1.2em\u00bb content_font=\u00bbSource Sans 3||||||||\u00bb content_font_size=\u00bb20px\u00bb content_line_height=\u00bb1.8em\u00bb subhead_font=\u00bb||||||||\u00bb subhead_text_color=\u00bb#555858&#8243; subhead_font_size=\u00bb28px\u00bb subhead_line_height=\u00bb1.5em\u00bb background_color=\u00bbrgba(255, 255, 255, 0)\u00bb background_color_gradient_direction=\u00bb90deg\u00bb background_image=\u00bbhttps:\/\/tropica-verde.de\/wp-content\/uploads\/2022\/08\/footer_bg.png\u00bb button_one_text_size=\u00bb26px\u00bb button_one_text_color=\u00bb#ffffff\u00bb button_one_bg_color=\u00bb#ff6a09&#8243; button_one_border_width=\u00bb1px\u00bb button_one_border_color=\u00bb#ff6a09&#8243; button_one_border_radius=\u00bb15px\u00bb button_one_letter_spacing=\u00bb1px\u00bb button_two_text_size=\u00bb26px\u00bb button_two_text_color=\u00bb#555858&#8243; button_two_bg_color=\u00bb#ffffff\u00bb button_two_border_width=\u00bb1px\u00bb button_two_border_radius=\u00bb15px\u00bb min_height=\u00bb542.8px\u00bb custom_margin=\u00bb|||\u00bb custom_padding=\u00bb8%||8%|\u00bb animation_style=\u00bbfade\u00bb title_font_size_tablet=\u00bb48px\u00bb title_font_size_phone=\u00bb36px\u00bb title_font_size_last_edited=\u00bbon|phone\u00bb custom_css_subtitle=\u00bbfont-family: &#8216;Source Sans 3 Bold&#8217;!important;||  \u00bb button_one_letter_spacing_hover=\u00bb1px\u00bb button_two_letter_spacing_hover=\u00bb1px\u00bb global_colors_info=\u00bb{}\u00bb button_one_text_size__hover_enabled=\u00bboff\u00bb button_one_text_color__hover_enabled=\u00bboff\u00bb button_one_border_width__hover_enabled=\u00bboff\u00bb button_one_border_color__hover_enabled=\u00bboff\u00bb button_one_border_radius__hover_enabled=\u00bboff\u00bb button_one_letter_spacing__hover_enabled=\u00bbon|desktop\u00bb button_one_letter_spacing__hover=\u00bb1px\u00bb button_one_bg_color__hover_enabled=\u00bboff\u00bb button_two_letter_spacing__hover=\u00bb\u00bb button_two_letter_spacing__hover_enabled=\u00bbon|desktop\u00bb][\/et_pb_fullwidth_header][\/et_pb_section]<\/p>\n","protected":false},"excerpt":{"rendered":"<p>Tropica Verde y el compromiso voluntario de transparencia conforme a los requisitos de la ITZ La confianza y la transparencia son factores decisivos para nuestro trabajo. Por ello, TROPICA VERDE apoya los requisitos de transparencia de la \u00abInitiative Transparente Zivilgesellschaft (ITZ)\u00bb con el compromiso voluntario de publicar la informaci\u00f3n requerida de forma transparente de acuerdo [&hellip;]<\/p>\n","protected":false},"author":5,"featured_media":0,"parent":5847,"menu_order":0,"comment_status":"closed","ping_status":"closed","template":"","meta":{"_et_pb_use_builder":"on","_et_pb_old_content":"","_et_gb_content_width":"","inline_featured_image":false,"footnotes":""},"class_list":["post-244709","page","type-page","status-publish","hentry"],"_links":{"self":[{"href":"https:\/\/tropica-verde.de\/es\/wp-json\/wp\/v2\/pages\/244709","targetHints":{"allow":["GET"]}}],"collection":[{"href":"https:\/\/tropica-verde.de\/es\/wp-json\/wp\/v2\/pages"}],"about":[{"href":"https:\/\/tropica-verde.de\/es\/wp-json\/wp\/v2\/types\/page"}],"author":[{"embeddable":true,"href":"https:\/\/tropica-verde.de\/es\/wp-json\/wp\/v2\/users\/5"}],"replies":[{"embeddable":true,"href":"https:\/\/tropica-verde.de\/es\/wp-json\/wp\/v2\/comments?post=244709"}],"version-history":[{"count":5,"href":"https:\/\/tropica-verde.de\/es\/wp-json\/wp\/v2\/pages\/244709\/revisions"}],"predecessor-version":[{"id":244714,"href":"https:\/\/tropica-verde.de\/es\/wp-json\/wp\/v2\/pages\/244709\/revisions\/244714"}],"up":[{"embeddable":true,"href":"https:\/\/tropica-verde.de\/es\/wp-json\/wp\/v2\/pages\/5847"}],"wp:attachment":[{"href":"https:\/\/tropica-verde.de\/es\/wp-json\/wp\/v2\/media?parent=244709"}],"curies":[{"name":"wp","href":"https:\/\/api.w.org\/{rel}","templated":true}]}}