{"id":239161,"date":"2024-04-13T23:50:18","date_gmt":"2024-04-13T21:50:18","guid":{"rendered":"https:\/\/tropica-verde.de\/contactenos\/inscripcion-en-linea-20-02-2024\/"},"modified":"2025-09-04T17:03:02","modified_gmt":"2025-09-04T15:03:02","slug":"inscripcion-en-linea-20-02-2024","status":"publish","type":"page","link":"https:\/\/tropica-verde.de\/es\/contactenos\/inscripcion-en-linea-20-02-2024\/","title":{"rendered":"Acto de inscripci\u00f3n 15.05.2025"},"content":{"rendered":"<p>[et_pb_section fb_built=\u00bb1&#8243; admin_label=\u00bbsection\u00bb _builder_version=\u00bb4.16&#8243; global_colors_info=\u00bb{}\u00bb][et_pb_row column_structure=\u00bb2_3,1_3&#8243; admin_label=\u00bbfila\u00bb _builder_version=\u00bb4.16&#8243; background_size=\u00bbinitial\u00bb background_position=\u00bbtop_left\u00bb background_repeat=\u00bbrepeat\u00bb global_colors_info=\u00bb{}\u00bb][et_pb_column type=\u00bb2_3&#8243; _builder_version=\u00bb4.16&#8243; custom_padding=\u00bb|||\u00bb global_colors_info=\u00bb{}\u00bb custom_padding__hover=\u00bb|||\u00bb][et_pb_text _builder_version=\u00bb4.23.1&#8243; background_size=\u00bbinitial\u00bb background_position=\u00bbtop_left\u00bb background_repeat=\u00bbrepeat\u00bb border_style=\u00bbsolid\u00bb global_colors_info=\u00bb{}\u00bb]<\/p>\n<h1><span>Viaja directamente a Costa Rica: el misterioso mundo de la selva tropical en una visita al Tropicarium (Jard\u00edn de Palmeras)<\/span><\/h1>\n<h3>15 de mayo de 2025 en el Palmengarten de Frankfurt | 17:00 - 18:30<\/h3>\n<p><span>Tropica Verde e.V. - La asociaci\u00f3n fue fundada por estudiantes que, tras una llamada de ayuda desde Costa Rica, se han comprometido desde entonces a proteger la selva tropical.  <\/span><\/p>\n<p><span aria-label=\"\" class=\"c-mrkdwn__br\" data-stringify-type=\"paragraph-break\"><\/span><span>Tropica Verde te invita a descubrir el impresionante mundo de la selva tropical en un <strong>recorrido por el Tropicarium<\/strong>. All\u00ed te espera el <strong>\u00abLecho de Monte Alto\u00bb<\/strong>, modelado a partir de una regi\u00f3n protegida de la costa del Pac\u00edfico de Costa Rica en el jard\u00edn de palmeras y que presenta una selecci\u00f3n de plantas especiales. Este lecho debe su nombre al lugar que, gracias al compromiso de Tropica Verde y de la poblaci\u00f3n local, que se autodenomina Ticos, y en parte gracias a los donativos de la escuela de Frankfurt IGS Nordend, pudo recuperar su fuente de agua, perdida a causa de la deforestaci\u00f3n.  <\/span><\/p>\n<p><span><\/span><\/p>\n<h2>Informaci\u00f3n de un vistazo<span><\/span><\/h2>\n<p><span><b data-stringify-type=\"bold\"><em>Tipo de acto:<\/em><\/b><em> <\/em>Visita guiada<br \/><em><b data-stringify-type=\"bold\">Coste:<\/b> <\/em>La entrada al Palmengarten es obligatoria, la visita en s\u00ed es gratuita.<br \/><em><b data-stringify-type=\"bold\">Detalles de la inscripci\u00f3n:<\/b><\/em> Inscr\u00edbete antes del 10 de mayo de 2025 en: <a target=\"_blank\" class=\"c-link\" data-stringify-link=\"mailto:anmeldung@tropica-verde.de\" delay=\"150\" data-sk=\"tooltip_parent\" aria-haspopup=\"menu\" href=\"mailto:anmeldung@tropica-verde.de\" rel=\"noopener noreferrer\">anmeldung@tropica-verde.de<span aria-label=\"(wird in einem neuem Tab ge\u00f6ffnet)\" data-qa=\"opens-in-new-tab\"><\/span><\/a> o <a target=\"_blank\" class=\"c-link\" data-stringify-link=\"https:\/\/tropica-verde.de\/kontakt\/anmeldung-online-veranstaltung\/\" delay=\"150\" data-sk=\"tooltip_parent\" href=\"https:\/\/tropica-verde.de\/es\/contactenos\/inscripcion-en-linea-20-02-2024\/\" rel=\"noopener noreferrer\">https:\/\/tropica-verde.de\/kontakt\/anmeldung-online-veranstaltung\/ <\/a>(formulario m\u00e1s abajo)<br \/><\/span><span><em><b data-stringify-type=\"bold\">Interesante para:<\/b> <\/em>Cualquiera que se interese por la naturaleza y la protecci\u00f3n del medio ambiente y est\u00e9 interesado en Costa Rica  <br \/><em><b data-stringify-type=\"bold\">Punto de encuentro:<\/b> <\/em>Entrada principal del Palmengarten, Siesmayer Stra\u00dfe. Puedes coger la l\u00ednea U7 de metro hasta la parada Westend. Se puede aparcar en el aparcamiento de varias plantas.  <\/span><\/p>\n<p><span><\/span><\/p>\n<p><span><\/span><\/p>\n<h2>\u00a1Inscr\u00edbete directamente aqu\u00ed!<span><\/span><\/h2>\n<p><span><\/span><\/p>\n<p>Estamos encantados de que quieras participar en este acto. Por favor, inscr\u00edbase utilizando el siguiente formulario:<\/p>\n<div id=\"quform-05640c\" class=\"quform quform-16 quform-theme-simple quform-support-page-caching\"><form id=\"quform-form-05640c\" class=\"quform-form quform-form-16\" action=\"\/es\/wp-json\/wp\/v2\/pages\/239161#quform-05640c\" method=\"post\" enctype=\"multipart\/form-data\" novalidate=\"novalidate\" data-options=\"{&quot;id&quot;:16,&quot;uniqueId&quot;:&quot;05640c&quot;,&quot;theme&quot;:&quot;simple&quot;,&quot;ajax&quot;:true,&quot;logic&quot;:{&quot;logic&quot;:[],&quot;dependents&quot;:[],&quot;elementIds&quot;:[],&quot;dependentElementIds&quot;:[],&quot;animate&quot;:true},&quot;currentPageId&quot;:1,&quot;errorsIcon&quot;:&quot;&quot;,&quot;updateFancybox&quot;:true,&quot;hasPages&quot;:false,&quot;pages&quot;:[1],&quot;pageProgressType&quot;:&quot;numbers&quot;,&quot;tooltipsEnabled&quot;:true,&quot;tooltipClasses&quot;:&quot;qtip-quform-dark qtip-shadow&quot;,&quot;tooltipMy&quot;:&quot;left center&quot;,&quot;tooltipAt&quot;:&quot;right center&quot;,&quot;isRtl&quot;:false,&quot;scrollOffset&quot;:-50,&quot;scrollSpeed&quot;:800}\"><button class=\"quform-default-submit\" name=\"quform_submit\" type=\"submit\" value=\"submit\" aria-hidden=\"true\" tabindex=\"-1\"><\/button><div class=\"quform-form-inner quform-form-inner-16\"><input type=\"hidden\" name=\"quform_form_id\" value=\"16\" \/><input type=\"hidden\" name=\"quform_form_uid\" value=\"05640c\" \/><input type=\"hidden\" name=\"quform_count\" value=\"1\" \/><input type=\"hidden\" name=\"form_url\" value=\"https:\/\/tropica-verde.de\/es\/wp-json\/wp\/v2\/pages\/239161\" \/><input type=\"hidden\" name=\"referring_url\" value=\"\" \/><input type=\"hidden\" name=\"post_id\" value=\"\" \/><input type=\"hidden\" name=\"post_title\" value=\"\" \/><input type=\"hidden\" name=\"quform_current_page_id\" value=\"1\" \/><input type=\"hidden\" name=\"quform_loaded\" value=\"1777418605|baec972be3e9f72f59ecbda3efe48885\" \/><input type=\"hidden\" name=\"quform_csrf_token\" value=\"guzBVusxfWkjr54KJ7e9NCNHEnbiNw8P8v3sf5DX\" \/><div class=\"quform-elements quform-elements-16 quform-cf quform-responsive-elements-phone-landscape\"><div class=\"quform-element quform-element-page quform-page-1 quform-page-16_1 quform-cf quform-group-style-plain quform-first-page quform-last-page quform-current-page\"><div class=\"quform-child-elements\"><div class=\"quform-element quform-element-name quform-element-16_12 quform-cf quform-element-optional\"><div class=\"quform-spacer\"><div class=\"quform-label quform-label-16_12\"><label class=\"quform-label-text\" id=\"quform_16_12_05640c_label\">Nombre<\/label><\/div><div class=\"quform-inner quform-inner-name quform-inner-16_12\"><div class=\"quform-input quform-input-name quform-input-16_12 quform-cf\"><div class=\"quform-element-row quform-2-columns quform-element-row-size-fixed quform-responsive-columns-phone-landscape\"><div class=\"quform-element-column\"><div class=\"quform-element quform-element-text quform-element-16_12_2 quform-cf quform-element-optional\"><div class=\"quform-spacer\"><div class=\"quform-inner quform-inner-text quform-inner-16_12_2\"><div class=\"quform-input quform-input-text quform-input-16_12_2 quform-cf\"><input type=\"text\" id=\"quform_16_12_2_05640c\" name=\"quform_16_12[2]\" class=\"quform-field quform-field-text quform-field-16_12_2\" aria-labelledby=\"quform_16_12_05640c_label quform_16_12_2_05640c_sub_label_below\" \/><\/div><label id=\"quform_16_12_2_05640c_sub_label_below\" class=\"quform-sub-label quform-sub-label-below\">Vorname<\/label><\/div><\/div><\/div><\/div><div class=\"quform-element-column\"><div class=\"quform-element quform-element-text quform-element-16_12_4 quform-cf quform-element-optional\"><div class=\"quform-spacer\"><div class=\"quform-inner quform-inner-text quform-inner-16_12_4\"><div class=\"quform-input quform-input-text quform-input-16_12_4 quform-cf\"><input type=\"text\" id=\"quform_16_12_4_05640c\" name=\"quform_16_12[4]\" class=\"quform-field quform-field-text quform-field-16_12_4\" aria-labelledby=\"quform_16_12_05640c_label quform_16_12_4_05640c_sub_label_below\" \/><\/div><label id=\"quform_16_12_4_05640c_sub_label_below\" class=\"quform-sub-label quform-sub-label-below\">Nombre<\/label><\/div><\/div><\/div><\/div><\/div><\/div><\/div><\/div><\/div><div class=\"quform-element quform-element-radio quform-element-16_17 quform-cf quform-element-required\"><div class=\"quform-spacer\"><div class=\"quform-inner quform-inner-radio quform-inner-16_17\"><div class=\"quform-input quform-input-radio quform-input-16_17 quform-cf\"><div class=\"quform-options quform-cf quform-options-block quform-options-simple\"><div class=\"quform-option\"><input type=\"radio\" name=\"quform_16_17\" id=\"quform_16_17_05640c_1\" class=\"quform-field quform-field-radio quform-field-16_17 quform-field-16_17_1\" value=\"m\u00e4nnlich\" \/><label for=\"quform_16_17_05640c_1\" class=\"quform-option-label quform-option-label-16_17_1\"><span class=\"quform-option-text\">m\u00e4nnlich<\/span><\/label><\/div><div class=\"quform-option\"><input type=\"radio\" name=\"quform_16_17\" id=\"quform_16_17_05640c_2\" class=\"quform-field quform-field-radio quform-field-16_17 quform-field-16_17_2\" value=\"weiblich\" \/><label for=\"quform_16_17_05640c_2\" class=\"quform-option-label quform-option-label-16_17_2\"><span class=\"quform-option-text\">weiblich<\/span><\/label><\/div><div class=\"quform-option\"><input type=\"radio\" name=\"quform_16_17\" id=\"quform_16_17_05640c_3\" class=\"quform-field quform-field-radio quform-field-16_17 quform-field-16_17_3\" value=\"divers\" \/><label for=\"quform_16_17_05640c_3\" class=\"quform-option-label quform-option-label-16_17_3\"><span class=\"quform-option-text\">buceadores<\/span><\/label><\/div><div class=\"quform-option\"><input type=\"radio\" name=\"quform_16_17\" id=\"quform_16_17_05640c_4\" class=\"quform-field quform-field-radio quform-field-16_17 quform-field-16_17_4\" value=\"m\u00f6chte ich nicht beantworten\" \/><label for=\"quform_16_17_05640c_4\" class=\"quform-option-label quform-option-label-16_17_4\"><span class=\"quform-option-text\">m\u00f6chte ich nicht beantworten<\/span><\/label><\/div><\/div><\/div><\/div><\/div><\/div><div class=\"quform-element quform-element-email quform-element-16_4 quform-cf quform-element-required\"><div class=\"quform-spacer\"><div class=\"quform-label quform-label-16_4\"><label class=\"quform-label-text\" for=\"quform_16_4_05640c\">Direcci\u00f3n de correo electr\u00f3nico<span class=\"quform-required\">*<\/span><\/label><\/div><div class=\"quform-inner quform-inner-email quform-inner-16_4\"><div class=\"quform-input quform-input-email quform-input-16_4 quform-cf\"><input type=\"email\" id=\"quform_16_4_05640c\" name=\"quform_16_4\" class=\"quform-field quform-field-email quform-field-16_4\" \/><\/div><\/div><\/div><\/div><div class=\"quform-element quform-element-textarea quform-element-16_765064 quform-sr-only quform-cf\" style=\"clip: rect(1px, 1px, 1px, 1px); clip-path: inset(50%); position: absolute !important; height: 1px; width: 1px; overflow: hidden;\"><div class=\"quform-spacer\"><div class=\"quform-label quform-label-16_765064\"><label class=\"quform-label-text\" for=\"quform_16_765064_05640c\">Your Website<span class=\"quform-required\">*<\/span><\/label><\/div><div class=\"quform-inner quform-inner-16_765064\"><textarea id=\"quform_16_765064_05640c\" name=\"quform_16_765064\" class=\"quform-field quform-field-textarea quform-field-16_765064\" tabindex=\"-1\" autocomplete=\"new-password\"><\/textarea><\/div><\/div><\/div><div class=\"quform-element quform-element-checkbox quform-element-16_8 quform-cf quform-element-optional\"><div class=\"quform-spacer\"><div class=\"quform-label quform-label-16_8\"><label class=\"quform-label-text\" id=\"quform_16_8_05640c_label\">Bolet\u00edn<\/label><\/div><div class=\"quform-inner quform-inner-checkbox quform-inner-16_8\"><div class=\"quform-input quform-input-checkbox quform-input-16_8 quform-cf\"><div class=\"quform-options quform-cf quform-options-block quform-options-simple\" role=\"group\" aria-labelledby=\"quform_16_8_05640c_label\"><div class=\"quform-option\"><input type=\"checkbox\" name=\"quform_16_8[]\" id=\"quform_16_8_05640c_1\" class=\"quform-field quform-field-checkbox quform-field-16_8 quform-field-16_8_1\" value=\"Ich m\u00f6chte mich f\u00fcr den Newsletter anmelden\" \/><label for=\"quform_16_8_05640c_1\" class=\"quform-option-label quform-option-label-16_8_1\"><span class=\"quform-option-text\">Ich m\u00f6chte mich f\u00fcr den Newsletter anmelden<\/span><\/label><\/div><\/div><\/div><\/div><\/div><\/div><div class=\"quform-element quform-element-checkbox quform-element-16_13 quform-cf quform-element-required\"><div class=\"quform-spacer\"><div class=\"quform-label quform-label-16_13\"><label class=\"quform-label-text\" id=\"quform_16_13_05640c_label\">Protecci\u00f3n de datos<span class=\"quform-required\">*<\/span><\/label><\/div><div class=\"quform-inner quform-inner-checkbox quform-inner-16_13\"><div class=\"quform-input quform-input-checkbox quform-input-16_13 quform-cf\"><div class=\"quform-options quform-cf quform-options-block quform-options-simple\" role=\"group\" aria-labelledby=\"quform_16_13_05640c_label\"><div class=\"quform-option\"><input type=\"checkbox\" name=\"quform_16_13[]\" id=\"quform_16_13_05640c_1\" class=\"quform-field quform-field-checkbox quform-field-16_13 quform-field-16_13_1\" value=\"Bitte best\u00e4tigen Sie durch anklicken dieser Checkbox, dass Sie unsere Datenschutzhinweise gelesen haben. Unsere Datenschutzerkl\u00e4rung finden Sie hier: &lt;a href=&quot;https:\/\/www.tropica-verde.de\/kontakt\/&quot;&gt;Datenschutzerkl\u00e4rung&lt;\/a&gt;\" \/><label for=\"quform_16_13_05640c_1\" class=\"quform-option-label quform-option-label-16_13_1\"><span class=\"quform-option-text\">Por favor, haz clic en esta casilla para confirmar nuestra Pol\u00edtica de Privacidad. Aqu\u00ed encontrar\u00e1s nuestra Pol\u00edtica de Privacidad: <a href=\"https:\/\/www.tropica-verde.de\/kontakt\/\">Declaraci\u00f3n de protecci\u00f3n de datos<\/a> <\/span><\/label><\/div><\/div><\/div><\/div><\/div><\/div><div class=\"quform-element quform-element-submit quform-element-16_2 quform-cf quform-button-style-theme\"><div class=\"quform-button-submit quform-button-submit-default quform-button-submit-16_2\"><button name=\"quform_submit\" type=\"submit\" class=\"quform-submit\" value=\"submit\"><span class=\"quform-button-text quform-button-submit-text\">Env\u00eda<\/span><\/button><\/div><div class=\"quform-loading quform-loading-position-left quform-loading-type-spinner-1\"><div class=\"quform-loading-inner\"><div class=\"quform-loading-spinner\"><div class=\"quform-loading-spinner-inner\"><\/div><\/div><\/div><\/div><\/div><\/div><\/div><\/div><\/div><\/form><\/div>\n<p><b><span style=\"color: #ef3700;\">Esperamos contar con su participaci\u00f3n.<\/span><\/b><\/p>\n<p>[\/et_pb_text][\/et_pb_column][et_pb_column type=\u00bb1_3&#8243; _builder_version=\u00bb4.16&#8243; custom_padding=\u00bb|||\u00bb global_colors_info=\u00bb{}\u00bb custom_padding__hover=\u00bb|||\u00bb][et_pb_text _builder_version=\u00bb4.16&#8243; background_size=\u00bbinitial\u00bb background_position=\u00bbtop_left\u00bb background_repeat=\u00bbrepeat\u00bb global_colors_info=\u00bb{}\u00bb][\/et_pb_text][\/et_pb_column][\/et_pb_row][\/et_pb_section][et_pb_section fb_built=\u00bb1&#8243; fullwidth=\u00bbon\u00bb admin_label=\u00bbCall to Action\u00bb _builder_version=\u00bb4.16&#8243; animation_style=\u00bbslide\u00bb animation_direction=\u00bbbottom\u00bb animation_intensity_slide=\u00bb6%\u00bb animation_starting_opacity=\u00bb100%\u00bb locked=\u00bboff\u00bb global_colors_info=\u00bb{}\u00bb][et_pb_fullwidth_header title=\u00bbAyudar en lugar de quejarse\u00bb subhead=\u00bbApoye la selva tropical con su donativo o h\u00e1gase socio de la organizaci\u00f3n\u00bb text_orientation=\u00bbcenter\u00bb button_one_text=\u00bbDONAR AHORA\u00bb button_one_url=\u00bbhttps:\/\/tropica-verde.de\/es\/ayudardonar\/donaciones\/\u00bb button_two_text=\u00bbH\u00c1GASE SOCIO\u00bb button_two_url=\u00bbhttps:\/\/tropica-verde.de\/es\/ayudardonar\/afiliarse\/\u00bb content_max_width=\u00bb800px\u00bb _builder_version=\u00bb4.23.1&#8243; title_level=\u00bbh2&#8243; title_font=\u00bb|700|||||||\u00bb title_text_color=\u00bb#006B46&#8243; title_font_size=\u00bb60px\u00bb title_line_height=\u00bb1.2em\u00bb content_font=\u00bbSource Sans 3||||||||\u00bb content_font_size=\u00bb20px\u00bb content_line_height=\u00bb1.8em\u00bb subhead_font=\u00bb||||||||\u00bb subhead_text_color=\u00bb#555858&#8243; subhead_font_size=\u00bb28px\u00bb subhead_line_height=\u00bb1.5em\u00bb background_color=\u00bbrgba(255, 255, 255, 0)\u00bb background_color_gradient_direction=\u00bb90deg\u00bb background_image=\u00bbhttps:\/\/tropica-verde.de\/wp-content\/uploads\/2022\/08\/footer_bg.png\u00bb button_one_text_size=\u00bb26px\u00bb button_one_text_color=\u00bb#ffffff\u00bb button_one_bg_color=\u00bb#ff6a09&#8243; button_one_border_width=\u00bb1px\u00bb button_one_border_color=\u00bb#ff6a09&#8243; button_one_border_radius=\u00bb15px\u00bb button_one_letter_spacing=\u00bb1px\u00bb button_two_text_size=\u00bb26px\u00bb button_two_text_color=\u00bb#555858&#8243; button_two_bg_color=\u00bb#ffffff\u00bb button_two_border_width=\u00bb1px\u00bb button_two_border_radius=\u00bb15px\u00bb min_height=\u00bb542.8px\u00bb custom_margin=\u00bb|||\u00bb custom_padding=\u00bb8%||8%|\u00bb animation_style=\u00bbfade\u00bb title_font_size_tablet=\u00bb48px\u00bb title_font_size_phone=\u00bb36px\u00bb title_font_size_last_edited=\u00bbon|phone\u00bb custom_css_subtitle=\u00bbfont-family: &#8216;Source Sans 3 Bold&#8217;!important;||  \u00bb button_one_letter_spacing_hover=\u00bb1px\u00bb button_two_letter_spacing_hover=\u00bb1px\u00bb global_colors_info=\u00bb{}\u00bb button_one_text_size__hover_enabled=\u00bboff\u00bb button_one_text_color__hover_enabled=\u00bboff\u00bb button_one_border_width__hover_enabled=\u00bboff\u00bb button_one_border_color__hover_enabled=\u00bboff\u00bb button_one_border_radius__hover_enabled=\u00bboff\u00bb button_one_letter_spacing__hover_enabled=\u00bbon|desktop\u00bb button_one_letter_spacing__hover=\u00bb1px\u00bb button_one_bg_color__hover_enabled=\u00bboff\u00bb button_two_letter_spacing__hover=\u00bb\u00bb button_two_letter_spacing__hover_enabled=\u00bbon|desktop\u00bb][\/et_pb_fullwidth_header][\/et_pb_section]<\/p>\n","protected":false},"excerpt":{"rendered":"<p>Viaja directamente a Costa Rica: el misterioso mundo de la selva tropical en una visita al Tropicarium (Jard\u00edn de Palmeras) 15 de mayo de 2025 en el Palmengarten de Frankfurt | 17:00 - 18:30 Tropica Verde e.V. - La asociaci\u00f3n fue fundada por estudiantes que, tras una llamada de ayuda desde Costa Rica, se han [&hellip;]<\/p>\n","protected":false},"author":5,"featured_media":245408,"parent":5876,"menu_order":32,"comment_status":"closed","ping_status":"closed","template":"","meta":{"_et_pb_use_builder":"on","_et_pb_old_content":"","_et_gb_content_width":"","inline_featured_image":false,"footnotes":""},"class_list":["post-239161","page","type-page","status-publish","has-post-thumbnail","hentry"],"_links":{"self":[{"href":"https:\/\/tropica-verde.de\/es\/wp-json\/wp\/v2\/pages\/239161","targetHints":{"allow":["GET"]}}],"collection":[{"href":"https:\/\/tropica-verde.de\/es\/wp-json\/wp\/v2\/pages"}],"about":[{"href":"https:\/\/tropica-verde.de\/es\/wp-json\/wp\/v2\/types\/page"}],"author":[{"embeddable":true,"href":"https:\/\/tropica-verde.de\/es\/wp-json\/wp\/v2\/users\/5"}],"replies":[{"embeddable":true,"href":"https:\/\/tropica-verde.de\/es\/wp-json\/wp\/v2\/comments?post=239161"}],"version-history":[{"count":17,"href":"https:\/\/tropica-verde.de\/es\/wp-json\/wp\/v2\/pages\/239161\/revisions"}],"predecessor-version":[{"id":248955,"href":"https:\/\/tropica-verde.de\/es\/wp-json\/wp\/v2\/pages\/239161\/revisions\/248955"}],"up":[{"embeddable":true,"href":"https:\/\/tropica-verde.de\/es\/wp-json\/wp\/v2\/pages\/5876"}],"wp:featuredmedia":[{"embeddable":true,"href":"https:\/\/tropica-verde.de\/es\/wp-json\/wp\/v2\/media\/245408"}],"wp:attachment":[{"href":"https:\/\/tropica-verde.de\/es\/wp-json\/wp\/v2\/media?parent=239161"}],"curies":[{"name":"wp","href":"https:\/\/api.w.org\/{rel}","templated":true}]}}