{"id":6003,"date":"2021-11-09T11:04:39","date_gmt":"2021-11-09T09:04:39","guid":{"rendered":"https:\/\/neu.tropica-verde.de\/?page_id=6003"},"modified":"2026-03-05T21:33:30","modified_gmt":"2026-03-05T19:33:30","slug":"impressum","status":"publish","type":"page","link":"https:\/\/tropica-verde.de\/en\/impressum\/","title":{"rendered":"Imprint"},"content":{"rendered":"<p>[et_pb_section fb_built=&#8221;1&#8243; _builder_version=&#8221;4.16&#8243; _module_preset=&#8221;default&#8221; global_colors_info=&#8221;{}&#8221; custom_padding=&#8221;61px|||||&#8221;][et_pb_row column_structure=&#8221;2_3,1_3&#8243; _builder_version=&#8221;4.16&#8243; _module_preset=&#8221;default&#8221; global_colors_info=&#8221;{}&#8221; custom_margin=&#8221;3px|auto||auto||&#8221;][et_pb_column type=&#8221;2_3&#8243; _builder_version=&#8221;4.16&#8243; _module_preset=&#8221;default&#8221; global_colors_info=&#8221;{}&#8221;][et_pb_text _builder_version=&#8221;4.27.4&#8243; _module_preset=&#8221;default&#8221; hover_enabled=&#8221;0&#8243; global_colors_info=&#8221;{}&#8221; sticky_enabled=&#8221;0&#8243;]<\/p>\n<h1>Imprint<\/h1>\n<h2 class=\"isSelectedEnd\">Information according to \u00a7 5 Digital Services Act (DDG)<\/h2>\n<p class=\"isSelectedEnd\"><span>Tropica Verde e.V.<\/span><br \/><span>Kasseler Street 1A<\/span><br \/><span>60486 Frankfurt am Main<\/span><br \/><span>Germany<\/span><\/p>\n<h3 class=\"isSelectedEnd\">Register of associations<\/h3>\n<p class=\"isSelectedEnd\"><span>Registered in the register of associations of the local court of Frankfurt am Main<\/span><br \/><span>Register number: VR 9422<\/span><\/p>\n<h3 class=\"isSelectedEnd\">Represented by the Management Board:<\/h3>\n<p class=\"isSelectedEnd\"><span>Michael Ott (Chairman)<\/span><br \/><span>Gabriele Schaar-von-R\u00f6mer (Deputy Chairwoman)<\/span><\/p>\n<h3 class=\"isSelectedEnd\">Contact us<\/h3>\n<p class=\"isSelectedEnd\"><span>Phone: +49 (0)69 \/ 70 76 919<\/span><br \/><span>E-Mail: <\/span><a href=\"mailto:info@tropica-verde.de\"><span>info@tropica-verde.de<\/span><\/a><br \/><span>Website: <\/span><a href=\"http:\/\/www.tropica-verde.de\"><span>www.tropica-verde.de<\/span><\/a><\/p>\n<h3 class=\"isSelectedEnd\">Responsible for journalistic-editorial content according to \u00a7 18 Abs. 2 MStV <\/h3>\n<p class=\"isSelectedEnd\"><span>Ingrith Tilly<\/span><br \/><span>Katrin Lehmann<\/span><br \/><span>Tropica Verde e.V.<\/span><br \/><span>Kasseler Street 1A<\/span><br \/><span>60486 Frankfurt am Main<\/span><br \/><span>Germany<\/span><\/p>\n<h3 class=\"isSelectedEnd\">Note on non-profit status<\/h3>\n<p class=\"isSelectedEnd\"><span>Tropica Verde e.V. is recognized as a non-profit organization and pursues exclusively and directly charitable purposes within the meaning of the German Tax Code.<\/span><span><\/span><\/p>\n<h3 class=\"isSelectedEnd\">Liability for content<\/h3>\n<p class=\"isSelectedEnd\"><span>The contents us<\/span><span>The contents of this website have been compiled with the utmost care. However, we cannot assume any liability for the correctness, completeness and topicality of the contents. As a service provider, we are responsible for our own content on these pages in accordance with \u00a7 7 (1) DDG and general legislation. However, according to \u00a7\u00a7 8 to 10 DDG, as a service provider we are not obliged to monitor transmitted or stored third-party information or to investigate circumstances that indicate illegal activity.    <\/span><\/p>\n<h3 class=\"isSelectedEnd\">Liability for links<\/h3>\n<p class=\"isSelectedEnd\"><span>Our website contains links to external third-party websites over whose content we have no influence. Therefore, we cannot accept any liability for this third-party content. The respective provider or operator of the pages is always responsible for the content of the linked pages. At the time of linking, the corresponding pages were checked for possible legal violations. Illegal content was not recognizable at the time of linking.    <\/span><\/p>\n<h3 class=\"isSelectedEnd\">Copyright<\/h3>\n<p class=\"isSelectedEnd\"><span>The content and works created by the site operators on these pages are subject to German copyright law. Third-party contributions are identified as such. Duplication, processing, distribution and any kind of exploitation outside the limits of copyright law require the written consent of the respective author or creator.  <\/span><\/p>\n<h3 class=\"isSelectedEnd\">Picture credits<\/h3>\n<p class=\"isSelectedEnd\"><span>The images and photographs used on this website are subject to copyright. Unless otherwise stated, the image rights are held by Tropica Verde e.V. or have been used with the permission of the respective photographers or rights holders, including nature photographer Stefan Rother from <a href=\"http:\/\/www.faunity.ch\" target=\"_blank\" rel=\"noopener nofollow\">Faunity<\/a>. Where necessary, image sources and authors are named directly on the image, in the caption or at the bottom of the respective page.  <\/span><\/p>\n<h3 class=\"isSelectedEnd\">Data protection<\/h3>\n<p><span>Information on the processing of personal data can be found in our <a href=\"https:\/\/tropica-verde.de\/en\/datenschutz\/\" target=\"_blank\" rel=\"noopener\">privacy policy<\/a>.<\/span><\/p>\n<h3>Consumer dispute resolution\/universal arbitration board<\/h3>\n<p>We are not willing or obliged to participate in dispute resolution proceedings before a consumer arbitration board.<\/p>\n<p>[\/et_pb_text][\/et_pb_column][et_pb_column type=&#8221;1_3&#8243; _builder_version=&#8221;4.16&#8243; _module_preset=&#8221;default&#8221; global_colors_info=&#8221;{}&#8221;][et_pb_text _builder_version=&#8221;4.23.1&#8243; _module_preset=&#8221;default&#8221; custom_padding=&#8221;0px|||||&#8221; global_colors_info=&#8221;{}&#8221; global_module=&#8221;243554&#8243; theme_builder_area=&#8221;post_content&#8221;]<\/p>\n<p><a href=\"https:\/\/tropica-verde.de\/projekte-aktuelles\/\">ALLE THEMEN | ALLE PROJEKTE | ALLE NEUIGKEITEN \u279c zum Magazin<\/a><\/p>\n<p style=\"text-align: left;\">\n<p>[\/et_pb_text][et_pb_text _builder_version=&#8221;4.16&#8243; text_font=&#8221;||||&#8221; header_font=&#8221;||||&#8221; background_size=&#8221;initial&#8221; background_position=&#8221;top_left&#8221; background_repeat=&#8221;repeat&#8221; text_font_size_tablet=&#8221;14&#8243; text_font_size_phone=&#8221;14&#8243; text_letter_spacing_tablet=&#8221;0px&#8221; text_letter_spacing_phone=&#8221;0px&#8221; text_line_height_tablet=&#8221;1.7em&#8221; text_line_height_phone=&#8221;1.7em&#8221; header_font_size_tablet=&#8221;30px&#8221; header_font_size_phone=&#8221;30px&#8221; header_letter_spacing_tablet=&#8221;0px&#8221; header_letter_spacing_phone=&#8221;0px&#8221; header_line_height_tablet=&#8221;1em&#8221; header_line_height_phone=&#8221;1em&#8221; use_border_color=&#8221;off&#8221; border_color=&#8221;#ffffff&#8221; border_width=&#8221;1px&#8221; border_style=&#8221;solid&#8221; global_module=&#8221;207&#8243; saved_tabs=&#8221;all&#8221; global_colors_info=&#8221;{}&#8221;]<\/p>\n<p><a href=\"http:\/\/www.tropica-verde.de\/helfen-spenden\" style=\"font-size: large; font-family: &#039;Source Sans Pro&#039;, sans-serif;\"><strong>Spenden Sie!<\/strong><\/a><\/p>\n<p><span lang=\"de\" style=\"font-size: large;\">Spenden Sie f\u00fcr den Gro\u00dfen Soldatenara, f\u00fcr neue B\u00e4ume oder den Schutz von Regenwald. Kompensieren Sie Ihren CO2-Fu\u00dfabdruck oder erwerben Sie eine Regenwald-Patenschaft<\/span><\/p>\n<p><span style=\"font-size: large;\"><strong><a href=\"http:\/\/www.tropica-verde.de\/helfen-spenden\/mitglied-werden\/\">Werden Sie Mitglied!<\/a><br \/><\/strong><\/span><\/p>\n<p id=\"tw-target-text\" class=\"tw-data-text tw-ta tw-text-small\" dir=\"ltr\" data-placeholder=\"\u00dcbersetzung\"><span lang=\"de\" style=\"font-size: large;\">Werden Sie Mitglied bei TROPICA VERDE, und unterst\u00fctzen Sie unsere Aktivit\u00e4ten. Entscheiden Sie mit, was in Zukunft umgesetzt werden soll<\/span><\/p>\n<p><span style=\"font-size: large;\"><a href=\"http:\/\/www.tropica-verde.de\/helfen-spenden\/ehrenamt\/\"><strong>Begleiten Sie uns!<\/strong><\/a><\/span><\/p>\n<p><span style=\"font-size: large;\">Unterst\u00fctzen Sie unseren Verein als Ehrenamtlicher mit Ihrem Wissen<strong><br \/><\/strong><\/span><\/p>\n<p><span style=\"font-size: large;\"><strong><a href=\"http:\/\/www.tropica-verde.de\/helfen-spenden\/weitersagen\/\">Empfehlen Sie uns!<\/a><br \/><\/strong><\/span><\/p>\n<p><span style=\"font-size: large;\">Erz\u00e4hlen Sie Freunden und Bekannten von uns und folgen Sie uns auf Facebook &amp; Co.<\/span><\/p>\n<p>[\/et_pb_text][et_pb_text _builder_version=&#8221;4.16&#8243; text_font=&#8221;||||&#8221; header_font=&#8221;||||&#8221; background_size=&#8221;initial&#8221; background_position=&#8221;top_left&#8221; background_repeat=&#8221;repeat&#8221; text_font_size_tablet=&#8221;14&#8243; text_font_size_phone=&#8221;14&#8243; text_letter_spacing_tablet=&#8221;0px&#8221; text_letter_spacing_phone=&#8221;0px&#8221; text_line_height_tablet=&#8221;1.7em&#8221; text_line_height_phone=&#8221;1.7em&#8221; header_font_size_tablet=&#8221;30px&#8221; header_font_size_phone=&#8221;30px&#8221; header_letter_spacing_tablet=&#8221;0px&#8221; header_letter_spacing_phone=&#8221;0px&#8221; header_line_height_tablet=&#8221;1em&#8221; header_line_height_phone=&#8221;1em&#8221; use_border_color=&#8221;off&#8221; border_color=&#8221;#ffffff&#8221; border_width=&#8221;1px&#8221; border_style=&#8221;solid&#8221; global_module=&#8221;207&#8243; saved_tabs=&#8221;all&#8221; global_colors_info=&#8221;{}&#8221;]<\/p>\n<p><a href=\"http:\/\/www.tropica-verde.de\/helfen-spenden\" style=\"font-size: large; font-family: &#039;Source Sans Pro&#039;, sans-serif;\"><strong>Spenden Sie!<\/strong><\/a><\/p>\n<p><span lang=\"de\" style=\"font-size: large;\">Spenden Sie f\u00fcr den Gro\u00dfen Soldatenara, f\u00fcr neue B\u00e4ume oder den Schutz von Regenwald. Kompensieren Sie Ihren CO2-Fu\u00dfabdruck oder erwerben Sie eine Regenwald-Patenschaft<\/span><\/p>\n<p><span style=\"font-size: large;\"><strong><a href=\"http:\/\/www.tropica-verde.de\/helfen-spenden\/mitglied-werden\/\">Werden Sie Mitglied!<\/a><br \/><\/strong><\/span><\/p>\n<p id=\"tw-target-text\" class=\"tw-data-text tw-ta tw-text-small\" dir=\"ltr\" data-placeholder=\"\u00dcbersetzung\"><span lang=\"de\" style=\"font-size: large;\">Werden Sie Mitglied bei TROPICA VERDE, und unterst\u00fctzen Sie unsere Aktivit\u00e4ten. Entscheiden Sie mit, was in Zukunft umgesetzt werden soll<\/span><\/p>\n<p><span style=\"font-size: large;\"><a href=\"http:\/\/www.tropica-verde.de\/helfen-spenden\/ehrenamt\/\"><strong>Begleiten Sie uns!<\/strong><\/a><\/span><\/p>\n<p><span style=\"font-size: large;\">Unterst\u00fctzen Sie unseren Verein als Ehrenamtlicher mit Ihrem Wissen<strong><br \/><\/strong><\/span><\/p>\n<p><span style=\"font-size: large;\"><strong><a href=\"http:\/\/www.tropica-verde.de\/helfen-spenden\/weitersagen\/\">Empfehlen Sie uns!<\/a><br \/><\/strong><\/span><\/p>\n<p><span style=\"font-size: large;\">Erz\u00e4hlen Sie Freunden und Bekannten von uns und folgen Sie uns auf Facebook &amp; Co.<\/span><\/p>\n<p>[\/et_pb_text][\/et_pb_column][\/et_pb_row][\/et_pb_section]<\/p>\n","protected":false},"excerpt":{"rendered":"<p>Imprint Information according to \u00a7 5 Digital Services Act (DDG) Tropica Verde e.V.Kasseler Street 1A60486 Frankfurt am MainGermany Register of associations Registered in the register of associations of the local court of Frankfurt am MainRegister number: VR 9422 Represented by the Management Board: Michael Ott (Chairman)Gabriele Schaar-von-R\u00f6mer (Deputy Chairwoman) Contact us Phone: +49 (0)69 \/ [&hellip;]<\/p>\n","protected":false},"author":10,"featured_media":0,"parent":0,"menu_order":0,"comment_status":"closed","ping_status":"closed","template":"","meta":{"_et_pb_use_builder":"on","_et_pb_old_content":"[et_pb_section fb_built=\"1\" _builder_version=\"4.5.3\" _module_preset=\"default\"][et_pb_row column_structure=\"2_3,1_3\" _builder_version=\"4.5.3\" _module_preset=\"default\"][et_pb_column type=\"2_3\" _builder_version=\"4.5.3\" _module_preset=\"default\"][et_pb_text _builder_version=\"4.5.3\" _module_preset=\"default\" hover_enabled=\"0\"]\n<h1>Impressum<\/h1>\n<h2>Angaben gem\u00e4\u00df \u00a7 5 TMG<\/h2>\nTROPICA VERDE e.V.\nKasseler Stra\u00dfe 1 A\nRaum Nr. 361, 3.OG \/ Ost\n60486 Frankfurt am Main\n\nVereinsregister: Nr. VR 9422\nRegistergericht: Eingetragen im Vereinsregister Frankfurt am Main\n\n<strong>Vertreten durch:<\/strong>\nMichael Ott\nProf. Dr. Martin Scholz\n<h3>Kontakt<\/h3>\nTelefon: +49 (0)69 75 15 50\nTelefax: +49 (0)69 75 21 82\nE-Mail: <a href=\"mailto:mail@tropica-verde.de\">mail@tropica-verde.de<\/a>\n<h3>Redaktionell verantwortlich<\/h3>\nMiriam Martini-Vogel\nTROPICA VERDE e.V.\nVerein zum Schutz tropischer Lebensr\u00e4ume\nInformationsb\u00fcro im \u00d6kohaus\nRaum Nr. 361, 3.OG \/ Ost\nKasseler Stra\u00dfe 1 A\nD-60486 Frankfurt am Main\n<h3>Bilder<\/h3>\nWir weisen daraufhin, dass auf den Websites enthaltene Bilder teilweise dem Urheberrecht Dritter unterliegen, darunter dem Naturfotograf Stefan Rother von <a href=\"http:\/\/www.faunity.ch\" target=\"_blank\" rel=\"noopener\">Faunity<\/a>.\n<h3>Verbraucherstreitbeilegung\/Universalschlichtungsstelle<\/h3>\nWir sind nicht bereit oder verpflichtet, an Streitbeilegungsverfahren vor einer Verbraucherschlichtungsstelle teilzunehmen.\n\nQuelle:\n<a href=\"https:\/\/www.e-recht24.de\" target=\"_blank\" rel=\"noopener noreferrer\">https:\/\/www.e-recht24.de<\/a>\n\n[\/et_pb_text][\/et_pb_column][et_pb_column type=\"1_3\" _builder_version=\"4.5.3\" _module_preset=\"default\"][et_pb_text _builder_version=\"4.5.3\" text_font=\"||||\" text_font_size=\"14\" header_font=\"||||\" background_size=\"initial\" background_position=\"top_left\" background_repeat=\"repeat\" text_font_size_tablet=\"14\" text_font_size_phone=\"14\" text_letter_spacing_tablet=\"0px\" text_letter_spacing_phone=\"0px\" text_line_height_tablet=\"1.7em\" text_line_height_phone=\"1.7em\" header_font_size_tablet=\"30px\" header_font_size_phone=\"30px\" header_letter_spacing_tablet=\"0px\" header_letter_spacing_phone=\"0px\" header_line_height_tablet=\"1em\" header_line_height_phone=\"1em\" use_border_color=\"off\" border_color=\"#ffffff\" border_width=\"1px\" border_style=\"solid\" global_module=\"207\" saved_tabs=\"all\"]\n<h3>[text-color-green]Was Sie tun k\u00f6nnen:[\/text-color-green]<\/h3>\n<a href=\"http:\/\/www.tropica-verde.de\/helfen-spenden\"><strong>Spenden Sie!<\/strong><\/a>\n\n<span lang=\"de\">Spenden Sie f\u00fcr den Gro\u00dfen Soldatenara, f\u00fcr neue B\u00e4ume oder den Schutz von Regenwald. Kompensieren Sie Ihren CO2 Fu\u00dfabdruck oder erwerben Sie eine Regenwald-Patenschaft.<\/span>\n\n<strong><a href=\"http:\/\/www.tropica-verde.de\/helfen-spenden\/mitglied-werden\/\">Werden Sie Mitglied!<\/a>\n<\/strong>\n<p id=\"tw-target-text\" class=\"tw-data-text tw-ta tw-text-small\" dir=\"ltr\" data-placeholder=\"\u00dcbersetzung\"><span lang=\"de\">Werden Sie Mitglied bei TROPICA VERDE, und unterst\u00fctzen Sie unsere Aktivit\u00e4ten. Entscheiden Sie mit, was in Zukunft umgesetzt werden soll<\/span><\/p>\n<a href=\"http:\/\/www.tropica-verde.de\/helfen-spenden\/ehrenamt\/\"><strong>Begleiten Sie uns!<\/strong><\/a>\n\nUnterst\u00fctzen Sie unseren Verein als Ehrenamtlicher mit Ihrem Wissen<strong>\n<\/strong>\n\n<strong><a href=\"http:\/\/www.tropica-verde.de\/helfen-spenden\/weitersagen\/\">Empfehlen Sie uns!<\/a>\n<\/strong>\n\nErz\u00e4hlen Sie Freunden und Bekannten von uns und folgen Sie uns auf Facebook &amp; Co.\n\n[\/et_pb_text][\/et_pb_column][\/et_pb_row][\/et_pb_section]","_et_gb_content_width":"","inline_featured_image":false,"footnotes":""},"class_list":["post-6003","page","type-page","status-publish","hentry"],"_links":{"self":[{"href":"https:\/\/tropica-verde.de\/en\/wp-json\/wp\/v2\/pages\/6003","targetHints":{"allow":["GET"]}}],"collection":[{"href":"https:\/\/tropica-verde.de\/en\/wp-json\/wp\/v2\/pages"}],"about":[{"href":"https:\/\/tropica-verde.de\/en\/wp-json\/wp\/v2\/types\/page"}],"author":[{"embeddable":true,"href":"https:\/\/tropica-verde.de\/en\/wp-json\/wp\/v2\/users\/10"}],"replies":[{"embeddable":true,"href":"https:\/\/tropica-verde.de\/en\/wp-json\/wp\/v2\/comments?post=6003"}],"version-history":[{"count":10,"href":"https:\/\/tropica-verde.de\/en\/wp-json\/wp\/v2\/pages\/6003\/revisions"}],"predecessor-version":[{"id":250361,"href":"https:\/\/tropica-verde.de\/en\/wp-json\/wp\/v2\/pages\/6003\/revisions\/250361"}],"wp:attachment":[{"href":"https:\/\/tropica-verde.de\/en\/wp-json\/wp\/v2\/media?parent=6003"}],"curies":[{"name":"wp","href":"https:\/\/api.w.org\/{rel}","templated":true}]}}