{"id":4183,"date":"2017-04-03T09:18:08","date_gmt":"2017-04-03T09:18:08","guid":{"rendered":"https:\/\/www.tropica-verde.de\/environmental-conservation\/environmental-conservation\/in-costa-rica\/"},"modified":"2024-04-25T20:32:05","modified_gmt":"2024-04-25T18:32:05","slug":"in-costa-rica","status":"publish","type":"page","link":"https:\/\/tropica-verde.de\/en\/in-costa-rica\/","title":{"rendered":"In Costa Rica"},"content":{"rendered":"<p>[et_pb_section fb_built=&#8221;1&#8243; admin_label=&#8221;section&#8221; _builder_version=&#8221;4.16&#8243; global_colors_info=&#8221;{}&#8221;][et_pb_row column_structure=&#8221;2_3,1_3&#8243; admin_label=&#8221;row&#8221; _builder_version=&#8221;4.16&#8243; background_size=&#8221;initial&#8221; background_position=&#8221;top_left&#8221; background_repeat=&#8221;repeat&#8221; global_colors_info=&#8221;{}&#8221;][et_pb_column type=&#8221;2_3&#8243; _builder_version=&#8221;4.16&#8243; custom_padding=&#8221;|||&#8221; global_colors_info=&#8221;{}&#8221; custom_padding__hover=&#8221;|||&#8221;][et_pb_text _builder_version=&#8221;4.16&#8243; text_text_color=&#8221;#00512c&#8221; border_style=&#8221;solid&#8221; global_colors_info=&#8221;{}&#8221;]<\/p>\n<h1>Support for environmental education in Costa Rica<\/h1>\n<p><strong>The aim is to combine every nature conservation project in Costa Rica with environmental education. The activities are primarily aimed at pupils, students, parents and teachers. But the older generations are also integrated, and we try to work with local  <\/strong><strong>partners to pass on their experience to the next generation.<\/strong><\/p>\n<p>[\/et_pb_text][et_pb_text _builder_version=&#8221;4.16&#8243; border_style=&#8221;solid&#8221; global_colors_info=&#8221;{}&#8221;]<\/p>\n<h2>Monte Alto &#8211; Biodiversity returns<\/h2>\n<p>In Monte Alto, the environmental education program of the local foundation Pro Reserva Forestal Monte Alto is largely financed by Tropica Verde. In addition, together with various partner organizations, the establishment of an environmental education center was made possible, which serves as a base for project visits by school classes and travel groups. On a tour, they can explore various nature trails, such as the orchid and tree nature trail, and learn about the amazing biodiversity of a successfully reforested secondary forest. For many years, environmental education courses have been held in several local schools with the aim of sensitizing primary school children to the fauna and flora of their home region and increasing their understanding of the importance of the various species for a functioning ecosystem and an intact water cycle.<\/p>\n<p>There are also regular excursions to Monte Alto, such as the annual &#8220;Day of the Tree&#8221;, so that the children can get to know different animal species and learn about their natural habitat while planting trees. From 2020, the increasing biodiversity will be observed and documented in collaboration with students from Hojancha Professional Technical College, using data collected from camera traps, among other things.<\/p>\n<p>[\/et_pb_text][et_pb_gallery gallery_ids=&#8221;6161,6167&#8243; _builder_version=&#8221;4.16&#8243; _module_preset=&#8221;default&#8221; title_text_color=&#8221;#999999&#8243; title_font_size=&#8221;13px&#8221; global_colors_info=&#8221;{}&#8221;][\/et_pb_gallery][et_pb_text _builder_version=&#8221;4.16&#8243; _module_preset=&#8221;default&#8221; global_colors_info=&#8221;{}&#8221;]<\/p>\n<h2>ACBTC &#8211; Rainforest conservation through school projects<\/h2>\n<p>In the Talamanca Biological Corridor, Tropica Verde finances school projects through the local organization ACBTC (Asociaci\u00f3n Corredor Biol\u00f3gico Talamanca Caribe). Important topics are dealt with here, such as the effects of climate change and the importance of protecting species-rich forests in the region. This work reaches both the pupils and their parents. The lecturers are supported by Tropica Verde, among others, for their environmental education work. At the annual &#8220;Festival Ambiental Por La Vida&#8221; in Bribri, the main town of the indigenous population, the pupils present their projects with great pride and commitment through games, dance and theater.<\/p>\n<p>[\/et_pb_text][et_pb_image src=&#8221;https:\/\/neu.tropica-verde.de\/wp-content\/uploads\/2021\/11\/Umweltbildung_Festival_Ambiental_Por_La_Vida.png&#8221; title_text=&#8221;Environmental_Education_Festival_Ambiental_Por_La_Vida&#8221; _builder_version=&#8221;4.16&#8243; _module_preset=&#8221;default&#8221; global_colors_info=&#8221;{}&#8221;][\/et_pb_image][et_pb_text _builder_version=&#8221;4.16&#8243; _module_preset=&#8221;default&#8221; global_colors_info=&#8221;{}&#8221;]<\/p>\n<h2>Reserva Kinkajou &#8211; Guided tours for nature lovers<\/h2>\n<p>Starting from the nearby Yatama Ecolodge, tour groups are guided through the untouched nature of the Braulio Carrillo National Park and the neighboring project area. The nature guide Pedro explains the threats to the<br \/>  for the environment that lurk just beyond the borders of the national park. He explains the methods of reforestation for the preservation and creation of biological corridors, which are vital for the survival of numerous animal species as an extension of their habitat. In the near future, a small environmental center is also to be built, which can also be visited by school groups and will serve as a starting point for scientific research.<\/p>\n<p>[\/et_pb_text][et_pb_image src=&#8221;https:\/\/neu.tropica-verde.de\/wp-content\/uploads\/2021\/11\/Kinkajou_Exkursion.png&#8221; alt=&#8221;Excursion through the Reserva Kinkajou&#8221; title_text=&#8221;Excursion through the Reserva Kinkajou&#8221; _builder_version=&#8221;4.16&#8243; _module_preset=&#8221;default&#8221; custom_margin=&#8221;||4px|||&#8221; global_colors_info=&#8221;{}&#8221;][\/et_pb_image][et_pb_text _builder_version=&#8221;4.16&#8243; _module_preset=&#8221;default&#8221; text_text_color=&#8221;#999999&#8243; text_font_size=&#8221;13px&#8221; global_colors_info=&#8221;{}&#8221;]<\/p>\n<p>Excursion through the Reserva Kinkajou<\/p>\n<p>[\/et_pb_text][et_pb_text _builder_version=&#8221;4.16&#8243; _module_preset=&#8221;default&#8221; global_colors_info=&#8221;{}&#8221;]<\/p>\n<h2>ECODESI &#8211; Environmental education for young and old<\/h2>\n<p>In the small village of Villareal near Tamarindo, Tropica Verde supports the &#8220;Colores de Identidad&#8221; project run by the local partner organization ECODESI. The main target groups for this project are senior citizens from the municipality of Villareal and schoolchildren from the region. The seniors are supported in learning and implementing important environmental measures (recycling, planting, etc.).<\/p>\n<p>At the same time, the older participants pass on their experience of traditional vegetable and fruit cultivation to the younger generation. In addition to numerous workshops and training courses, the activities in this project include setting up a tree nursery with local plants, reforestation, recycling, composting, campaigns for clean rivers, a seed bank with local seeds and much more.<\/p>\n<p>[\/et_pb_text][et_pb_image src=&#8221;https:\/\/neu.tropica-verde.de\/wp-content\/uploads\/2021\/11\/Umweltbildung_Kinkajou.png&#8221; alt=&#8221;Victor at the Kinkajou nursery&#8221; title_text=&#8221;Victor at the Kinkajou nursery&#8221; _builder_version=&#8221;4.16&#8243; _module_preset=&#8221;default&#8221; custom_margin=&#8221;||7px|||&#8221; global_colors_info=&#8221;{}&#8221;][\/et_pb_image][et_pb_text _builder_version=&#8221;4.16&#8243; _module_preset=&#8221;default&#8221; text_text_color=&#8221;#999999&#8243; text_font_size=&#8221;13px&#8221; global_colors_info=&#8221;{}&#8221;]<\/p>\n<p>Victor at the Kinkajou nursery<\/p>\n<p>[\/et_pb_text][\/et_pb_column][et_pb_column type=&#8221;1_3&#8243; _builder_version=&#8221;4.16&#8243; custom_padding=&#8221;|||&#8221; global_colors_info=&#8221;{}&#8221; custom_padding__hover=&#8221;|||&#8221;][et_pb_button button_url=&#8221;@ET-DC@eyJkeW5hbWljIjp0cnVlLCJjb250ZW50IjoicG9zdF9saW5rX3VybF9wYWdlIiwic2V0dGluZ3MiOnsicG9zdF9pZCI6IjQzIn19@&#8221; button_text=&#8221;Projects&#8221; button_alignment=&#8221;left&#8221; _builder_version=&#8221;4.16&#8243; _dynamic_attributes=&#8221;button_url&#8221; custom_button=&#8221;on&#8221; button_bg_color=&#8221;#15aa66&#8243; background_layout=&#8221;dark&#8221; global_colors_info=&#8221;{}&#8221; button_text_size__hover_enabled=&#8221;off&#8221; button_one_text_size__hover_enabled=&#8221;off&#8221; button_two_text_size__hover_enabled=&#8221;off&#8221; button_text_color__hover_enabled=&#8221;off&#8221; button_one_text_color__hover_enabled=&#8221;off&#8221; button_two_text_color__hover_enabled=&#8221;off&#8221; button_border_width__hover_enabled=&#8221;off&#8221; button_one_border_width__hover_enabled=&#8221;off&#8221; button_two_border_width__hover_enabled=&#8221;off&#8221; button_border_color__hover_enabled=&#8221;off&#8221; button_one_border_color__hover_enabled=&#8221;off&#8221; button_two_border_color__hover_enabled=&#8221;off&#8221; button_border_radius__hover_enabled=&#8221;off&#8221; button_one_border_radius__hover_enabled=&#8221;off&#8221; button_two_border_radius__hover_enabled=&#8221;off&#8221; button_letter_spacing__hover_enabled=&#8221;off&#8221; button_one_letter_spacing__hover_enabled=&#8221;off&#8221; button_two_letter_spacing__hover_enabled=&#8221;off&#8221; button_bg_color__hover_enabled=&#8221;off&#8221; button_one_bg_color__hover_enabled=&#8221;off&#8221; button_two_bg_color__hover_enabled=&#8221;off&#8221;][\/et_pb_button][et_pb_button button_url=&#8221;#&#8221; button_text=&#8221;Scientific contributions&#8221; button_alignment=&#8221;left&#8221; _builder_version=&#8221;4.23.1&#8243; button_letter_spacing_hover=&#8221;0&#8243; global_colors_info=&#8221;{}&#8221; button_text_size__hover_enabled=&#8221;off&#8221; button_one_text_size__hover_enabled=&#8221;off&#8221; button_two_text_size__hover_enabled=&#8221;off&#8221; button_text_color__hover_enabled=&#8221;off&#8221; button_one_text_color__hover_enabled=&#8221;off&#8221; button_two_text_color__hover_enabled=&#8221;off&#8221; button_border_width__hover_enabled=&#8221;off&#8221; button_one_border_width__hover_enabled=&#8221;off&#8221; button_two_border_width__hover_enabled=&#8221;off&#8221; button_border_color__hover_enabled=&#8221;off&#8221; button_one_border_color__hover_enabled=&#8221;off&#8221; button_two_border_color__hover_enabled=&#8221;off&#8221; button_border_radius__hover_enabled=&#8221;off&#8221; button_one_border_radius__hover_enabled=&#8221;off&#8221; button_two_border_radius__hover_enabled=&#8221;off&#8221; button_letter_spacing__hover_enabled=&#8221;on&#8221; button_letter_spacing__hover=&#8221;0&#8243; button_one_letter_spacing__hover_enabled=&#8221;off&#8221; button_two_letter_spacing__hover_enabled=&#8221;off&#8221; button_bg_color__hover_enabled=&#8221;off&#8221; button_one_bg_color__hover_enabled=&#8221;off&#8221; button_two_bg_color__hover_enabled=&#8221;off&#8221;][\/et_pb_button][et_pb_text _builder_version=&#8221;4.5.3&#8243; text_font=&#8221;||||&#8221; text_font_size=&#8221;14&#8243; header_font=&#8221;||||&#8221; background_size=&#8221;initial&#8221; background_position=&#8221;top_left&#8221; background_repeat=&#8221;repeat&#8221; text_font_size_tablet=&#8221;14&#8243; text_font_size_phone=&#8221;14&#8243; text_letter_spacing_tablet=&#8221;0px&#8221; text_letter_spacing_phone=&#8221;0px&#8221; text_line_height_tablet=&#8221;1.7em&#8221; text_line_height_phone=&#8221;1.7em&#8221; header_font_size_tablet=&#8221;30px&#8221; header_font_size_phone=&#8221;30px&#8221; header_letter_spacing_tablet=&#8221;0px&#8221; header_letter_spacing_phone=&#8221;0px&#8221; header_line_height_tablet=&#8221;1em&#8221; header_line_height_phone=&#8221;1em&#8221; use_border_color=&#8221;off&#8221; border_color=&#8221;#ffffff&#8221; border_width=&#8221;1px&#8221; border_style=&#8221;solid&#8221; global_module=&#8221;207&#8243; saved_tabs=&#8221;all&#8221; global_colors_info=&#8221;{}&#8221;]<\/p>\n<h3>Was Sie tun k\u00f6nnen:<\/h3>\n<p><span style=\"font-size: large;\"><a href=\"http:\/\/www.tropica-verde.de\/helfen-spenden\"><strong>Spenden Sie!<\/strong><\/a><\/span><\/p>\n<p><span lang=\"de\" style=\"font-size: large;\">Spenden Sie f\u00fcr den Gro\u00dfen Soldatenara, f\u00fcr neue B\u00e4ume oder den Schutz von Regenwald. Kompensieren Sie Ihren CO2-Fu\u00dfabdruck oder erwerben Sie eine Regenwald-Patenschaft<\/span><\/p>\n<p><span style=\"font-size: large;\"><strong><a href=\"http:\/\/www.tropica-verde.de\/helfen-spenden\/mitglied-werden\/\">Werden Sie Mitglied!<\/a><br \/><\/strong><\/span><\/p>\n<p id=\"tw-target-text\" class=\"tw-data-text tw-ta tw-text-small\" dir=\"ltr\" data-placeholder=\"\u00dcbersetzung\"><span lang=\"de\" style=\"font-size: large;\">Werden Sie Mitglied bei TROPICA VERDE, und unterst\u00fctzen Sie unsere Aktivit\u00e4ten. Entscheiden Sie mit, was in Zukunft umgesetzt werden soll<\/span><\/p>\n<p><span style=\"font-size: large;\"><a href=\"http:\/\/www.tropica-verde.de\/helfen-spenden\/ehrenamt\/\"><strong>Begleiten Sie uns!<\/strong><\/a><\/span><\/p>\n<p><span style=\"font-size: large;\">Unterst\u00fctzen Sie unseren Verein als Ehrenamtlicher mit Ihrem Wissen<strong><br \/><\/strong><\/span><\/p>\n<p><span style=\"font-size: large;\"><strong><a href=\"http:\/\/www.tropica-verde.de\/helfen-spenden\/weitersagen\/\">Empfehlen Sie uns!<\/a><br \/><\/strong><\/span><\/p>\n<p><span style=\"font-size: large;\">Erz\u00e4hlen Sie Freunden und Bekannten von uns und folgen Sie uns auf Facebook &amp; Co.<\/span><\/p>\n<p>[\/et_pb_text][\/et_pb_column][\/et_pb_row][\/et_pb_section]<\/p>\n","protected":false},"excerpt":{"rendered":"<p>Support for environmental education in Costa Rica The aim is to combine every nature conservation project in Costa Rica with environmental education. The activities are primarily aimed at pupils, students, parents and teachers. But the older generations are also integrated, and we try to work with local partners to pass on their experience to the [&hellip;]<\/p>\n","protected":false},"author":2,"featured_media":0,"parent":0,"menu_order":0,"comment_status":"closed","ping_status":"closed","template":"","meta":{"_et_pb_use_builder":"on","_et_pb_old_content":"","_et_gb_content_width":"","inline_featured_image":false,"footnotes":""},"class_list":["post-4183","page","type-page","status-publish","hentry"],"_links":{"self":[{"href":"https:\/\/tropica-verde.de\/en\/wp-json\/wp\/v2\/pages\/4183","targetHints":{"allow":["GET"]}}],"collection":[{"href":"https:\/\/tropica-verde.de\/en\/wp-json\/wp\/v2\/pages"}],"about":[{"href":"https:\/\/tropica-verde.de\/en\/wp-json\/wp\/v2\/types\/page"}],"author":[{"embeddable":true,"href":"https:\/\/tropica-verde.de\/en\/wp-json\/wp\/v2\/users\/2"}],"replies":[{"embeddable":true,"href":"https:\/\/tropica-verde.de\/en\/wp-json\/wp\/v2\/comments?post=4183"}],"version-history":[{"count":5,"href":"https:\/\/tropica-verde.de\/en\/wp-json\/wp\/v2\/pages\/4183\/revisions"}],"predecessor-version":[{"id":241425,"href":"https:\/\/tropica-verde.de\/en\/wp-json\/wp\/v2\/pages\/4183\/revisions\/241425"}],"wp:attachment":[{"href":"https:\/\/tropica-verde.de\/en\/wp-json\/wp\/v2\/media?parent=4183"}],"curies":[{"name":"wp","href":"https:\/\/api.w.org\/{rel}","templated":true}]}}